{"id":26,"date":"2016-05-24T12:49:23","date_gmt":"2016-05-24T12:49:23","guid":{"rendered":"http:\/\/michalicka.sk\/?page_id=26"},"modified":"2017-10-27T19:46:22","modified_gmt":"2017-10-27T19:46:22","slug":"referencie-a-clenstvo","status":"publish","type":"page","link":"https:\/\/www.michalicka.sk\/ru\/spravcovska-cinnost\/referencie-a-clenstvo\/","title":{"rendered":"\u041e\u0442\u0437\u044b\u0432\u044b \u0438 \u0440\u0435\u043a\u043e\u043c\u0435\u043d\u0434\u0430\u0446\u0438\u0438"},"content":{"rendered":"<p>\u0410\u0434\u0432\u043e\u043a\u0430\u0442\u00a0 \u041c\u0438\u0440\u043e\u0441\u043b\u0430\u0432 \u041c\u0438\u0445\u0430\u043b\u0438\u0447\u043a\u0430 \u044f\u0432\u043b\u044f\u0435\u0442\u0441\u044f \u0447\u043b\u0435\u043d\u043e\u043c \u0421\u043b\u043e\u0432\u0430\u0446\u043a\u043e\u0439 \u043a\u043e\u043b\u043b\u0435\u0433\u0438\u0438 \u0430\u0434\u0432\u043e\u043a\u0430\u0442\u043e\u0432. \u041f\u043e \u0443\u0441\u043f\u0435\u0448\u043d\u043e\u0439 \u0441\u0434\u0430\u0447\u0435 \u0430\u0434\u0432\u043e\u043a\u0430\u0442\u0441\u043a\u043e\u0433\u043e \u043a\u0432\u0430\u043b\u0438\u0444\u0438\u043a\u0430\u0446\u0438\u043e\u043d\u043d\u043e\u0433\u043e \u044d\u043a\u0437\u0430\u043c\u0435\u043d\u0430\u00a0 \u0438 \u043f\u0440\u0430\u043a\u0442\u0438\u0447\u0435\u0441\u043a\u043e\u0439 \u0434\u0435\u044f\u0442\u0435\u043b\u044c\u043d\u043e\u0441\u0442\u0438 \u0432 \u0441\u043e\u043e\u0442\u0432\u0435\u0442\u0441\u0442\u0432\u0438\u0438 \u0441 \u0437\u0430\u043a\u043e\u043d\u043e\u043c 586\/2003 \u201c \u041e \u0430\u0434\u0432\u043e\u043a\u0430\u0442\u0443\u0440\u0435 \u201e \u00a0\u0437\u0430\u0440\u0435\u0433\u0438\u0441\u0442\u0440\u0438\u0440\u043e\u0432\u0430\u043d \u0432 \u043a\u0430\u0447\u0435\u0441\u0442\u0432\u0435\u00a0 \u0430\u0434\u0432\u043e\u043a\u0430\u0442\u0430. \u0414\u043e\u043a\u0442\u043e\u0440 \u044e\u0440\u0438\u0434\u0438\u0447\u0435\u0441\u043a\u0438\u0445 \u043d\u0430\u0443\u043a \u044f\u0432\u043b\u044f\u0435\u0442\u0441\u044f \u0441\u0443\u0434\u044c\u0435\u0439 \u0422\u0440\u0435\u0442\u0435\u0439\u0441\u043a\u043e\u0433\u043e \u0441\u0443\u0434\u0430, \u0443\u0442\u0432\u0435\u0440\u0436\u0434\u0435\u043d\u043d\u043e\u0433\u043e \u041c\u0438\u043d\u0438\u0441\u0442\u0435\u0440\u0441\u0442\u0432\u043e\u043c \u042e\u0441\u0442\u0438\u0446\u0438\u0438, \u0432 \u0441\u043e\u043e\u0442\u0432\u0435\u0442\u0441\u0442\u0432\u0438\u0438 \u0441 \u0437\u0430\u043a\u043e\u043d\u043e\u043c 244\/2002 \u201eO \u0422\u0440\u0435\u0442\u0435\u0439\u0441\u043a\u043e\u043c \u0441\u0443\u0434\u043e\u043f\u0440\u043e\u0438\u0437\u0432\u043e\u0434\u0441\u0442\u0432\u0435\u201e.<\/p>\n<p>\u0410\u0434\u0432\u043e\u043a\u0430\u0442\u0441\u043a\u0430\u044f \u043a\u043e\u043d\u0442\u043e\u0440\u0430 \u0434\u043e\u043a\u0442\u043e\u0440\u0430 \u044e\u0440\u0438\u0434\u0438\u0447\u0435\u0441\u043a\u0438\u0445 \u043d\u0430\u0443\u043a \u041c\u0438\u0440\u043e\u0441\u043b\u0430\u0432\u0430 \u041c\u0438\u0445\u0430\u043b\u0438\u0447\u043a\u0438 \u043e\u043a\u0430\u0437\u044b\u0432\u0430\u0435\u0442 \u044e\u0440\u0438\u0434\u0438\u0447\u0435\u0441\u043a\u0443\u044e \u043f\u043e\u043c\u043e\u0449\u044c \u00a0\u0444\u0438\u0437\u0438\u0447\u0435\u0441\u043a\u0438\u043c \u0438 \u044e\u0440\u0438\u0434\u0438\u0447\u0435\u0441\u043a\u0438\u043c \u043b\u0438\u0446\u0430\u043c, \u0447\u0430\u0441\u0442\u043d\u044b\u043c \u043f\u0440\u0435\u0434\u043f\u0440\u0438\u043d\u0438\u043c\u0430\u0442\u0435\u043b\u044f\u043c \u0438 \u043a\u0440\u0443\u043f\u043d\u044b\u043c \u0444\u0438\u0440\u043c\u0430\u043c. \u0421\u0440\u0435\u0434\u0438 \u044e\u0440\u0438\u0434\u0438\u0447\u0435\u0441\u043a\u0438\u0445 \u043b\u0438\u0446 \u0438 \u043a\u0440\u0443\u043f\u043d\u044b\u0445 \u043a\u043e\u043c\u043f\u0430\u043d\u0438\u0439 \u0445\u043e\u0442\u0435\u043b\u043e\u0441\u044c \u0431\u044b \u043e\u0442\u043c\u0435\u0442\u0438\u0442\u044c \u0441\u043b\u0435\u0434\u0443\u044e\u0449\u0438\u0435:<\/p>\n<p>\u0410\u0434\u0432\u043e\u043a\u0430\u0442\u00a0 \u041c\u0438\u0440\u043e\u0441\u043b\u0430\u0432 \u041c\u0438\u0445\u0430\u043b\u0438\u0447\u043a\u0430 \u044f\u0432\u043b\u044f\u0435\u0442\u0441\u044f \u0447\u043b\u0435\u043d\u043e\u043c \u0421\u043b\u043e\u0432\u0430\u0446\u043a\u043e\u0439 \u043a\u043e\u043b\u043b\u0435\u0433\u0438\u0438 \u0430\u0434\u0432\u043e\u043a\u0430\u0442\u043e\u0432. \u041f\u043e \u0443\u0441\u043f\u0435\u0448\u043d\u043e\u0439 \u0441\u0434\u0430\u0447\u0435 \u0430\u0434\u0432\u043e\u043a\u0430\u0442\u0441\u043a\u043e\u0433\u043e \u043a\u0432\u0430\u043b\u0438\u0444\u0438\u043a\u0430\u0446\u0438\u043e\u043d\u043d\u043e\u0433\u043e \u044d\u043a\u0437\u0430\u043c\u0435\u043d\u0430\u00a0 \u0438 \u043f\u0440\u0430\u043a\u0442\u0438\u0447\u0435\u0441\u043a\u043e\u0439 \u0434\u0435\u044f\u0442\u0435\u043b\u044c\u043d\u043e\u0441\u0442\u0438 \u0432 \u0441\u043e\u043e\u0442\u0432\u0435\u0442\u0441\u0442\u0432\u0438\u0438 \u0441 \u0437\u0430\u043a\u043e\u043d\u043e\u043c 586\/2003 \u201c \u041e \u0430\u0434\u0432\u043e\u043a\u0430\u0442\u0443\u0440\u0435 \u201e \u00a0\u0437\u0430\u0440\u0435\u0433\u0438\u0441\u0442\u0440\u0438\u0440\u043e\u0432\u0430\u043d \u0432 \u043a\u0430\u0447\u0435\u0441\u0442\u0432\u0435\u00a0 \u0430\u0434\u0432\u043e\u043a\u0430\u0442\u0430. \u0414\u043e\u043a\u0442\u043e\u0440 \u044e\u0440\u0438\u0434\u0438\u0447\u0435\u0441\u043a\u0438\u0445 \u043d\u0430\u0443\u043a \u044f\u0432\u043b\u044f\u0435\u0442\u0441\u044f \u0441\u0443\u0434\u044c\u0435\u0439 \u0422\u0440\u0435\u0442\u0435\u0439\u0441\u043a\u043e\u0433\u043e \u0441\u0443\u0434\u0430, \u0443\u0442\u0432\u0435\u0440\u0436\u0434\u0435\u043d\u043d\u043e\u0433\u043e \u041c\u0438\u043d\u0438\u0441\u0442\u0435\u0440\u0441\u0442\u0432\u043e\u043c \u042e\u0441\u0442\u0438\u0446\u0438\u0438, \u0432 \u0441\u043e\u043e\u0442\u0432\u0435\u0442\u0441\u0442\u0432\u0438\u0438 \u0441 \u0437\u0430\u043a\u043e\u043d\u043e\u043c 244\/2002 \u201eO \u0422\u0440\u0435\u0442\u0435\u0439\u0441\u043a\u043e\u043c \u0441\u0443\u0434\u043e\u043f\u0440\u043e\u0438\u0437\u0432\u043e\u0434\u0441\u0442\u0432\u0435\u201e.<\/p>\n<p>\u0410\u0434\u0432\u043e\u043a\u0430\u0442\u0441\u043a\u0430\u044f \u043a\u043e\u043d\u0442\u043e\u0440\u0430 \u0434\u043e\u043a\u0442\u043e\u0440\u0430 \u044e\u0440\u0438\u0434\u0438\u0447\u0435\u0441\u043a\u0438\u0445 \u043d\u0430\u0443\u043a \u041c\u0438\u0440\u043e\u0441\u043b\u0430\u0432\u0430 \u041c\u0438\u0445\u0430\u043b\u0438\u0447\u043a\u0438 \u043e\u043a\u0430\u0437\u044b\u0432\u0430\u0435\u0442 \u044e\u0440\u0438\u0434\u0438\u0447\u0435\u0441\u043a\u0443\u044e \u043f\u043e\u043c\u043e\u0449\u044c \u00a0\u0444\u0438\u0437\u0438\u0447\u0435\u0441\u043a\u0438\u043c \u0438 \u044e\u0440\u0438\u0434\u0438\u0447\u0435\u0441\u043a\u0438\u043c \u043b\u0438\u0446\u0430\u043c, \u0447\u0430\u0441\u0442\u043d\u044b\u043c \u043f\u0440\u0435\u0434\u043f\u0440\u0438\u043d\u0438\u043c\u0430\u0442\u0435\u043b\u044f\u043c \u0438 \u043a\u0440\u0443\u043f\u043d\u044b\u043c \u0444\u0438\u0440\u043c\u0430\u043c. \u0421\u0440\u0435\u0434\u0438 \u044e\u0440\u0438\u0434\u0438\u0447\u0435\u0441\u043a\u0438\u0445 \u043b\u0438\u0446 \u0438 \u043a\u0440\u0443\u043f\u043d\u044b\u0445 \u043a\u043e\u043c\u043f\u0430\u043d\u0438\u0439 \u0445\u043e\u0442\u0435\u043b\u043e\u0441\u044c \u0431\u044b \u043e\u0442\u043c\u0435\u0442\u0438\u0442\u044c \u0441\u043b\u0435\u0434\u0443\u044e\u0449\u0438\u0435:<\/p>\n<p style=\"text-align: center;\">ZO Zdru\u017eenie odbor\u00e1rov jadrovej energetiky Slovenska<a href=\"http:\/\/www.empea.sk\/\" target=\"_blank\"><br \/>\n<\/a>Jadrov\u00e1 a vyra\u010fovacia spolo\u010dnos\u0165, a.s.<br \/>\nobec Budmerice<br \/>\nLesn\u00edcka informa\u010dn\u00e1 spolo\u010dnos\u0165, a.s.<br \/>\nAchilles Information Slovakia s.r.o.<br \/>\nLAMINUM, s.r.o.<br \/>\nLIC technika. s.r.o.<br \/>\nDAHO SOLUTIONS s.r.o.<br \/>\nPSS Svidn\u00edk, a.s.<br \/>\nAUTOVRAKY s.r.o.<br \/>\nCourbis s.r..o.<br \/>\nJOLI s.r.o.<br \/>\nDETOX s.r.o.<\/p>\n<p>&nbsp;<\/p>\n<p>Referencie z m\u00e9dii:<\/p>\n<ul>\n<li><a href=\"http:\/\/www.ta3.com\/clanok\/1030926\/osobny-bankrot-ano-ci-nie.html\" target=\"_blank\">JUDr. Miroslav Michali\u010dka, ako hos\u0165 v rel\u00e1cii telev\u00edzie TA3,\u00a0LABYRINT t\u00e9ma &#171;Osobn\u00fd bankrot \u00e1no, \u010di nie&#187; odvysielan\u00e9 d\u0148a 26.11.2013 o 21:26<\/a><\/li>\n<li><a href=\"http:\/\/egoodwill.sk\/doprava-logistika\/logisticke-manevre-vyrobneho-druzstva-kovotvar\/\" target=\"_blank\">\u010cl\u00e1nok internetov\u00fdch nov\u00edn egoodwill.sk zo d\u0148a 23.5.2014 &#171;Logistick\u00e9 man\u00e9vre v\u00fdrobn\u00e9ho dru\u017estva Kovotvar&#187;<\/a><\/li>\n<li><a href=\"http:\/\/finweb.hnonline.sk\/spravy-zo-sveta-financii\/522853-kazachovia-v-gbeloch-koncia-dobehli-ich-dlhy\" target=\"_blank\">\u010cl\u00e1nok denn\u00edka Hospod\u00e1rske noviny zo d\u0148a 4.2.2016 &#171;Kazachovia v Gbeloch kon\u010dia. Dobehli ich dlhy&#187;<\/a><\/li>\n<\/ul>\n<p><\/p>","protected":false},"excerpt":{"rendered":"<p>\u0410\u0434\u0432\u043e\u043a\u0430\u0442\u00a0 \u041c\u0438\u0440\u043e\u0441\u043b\u0430\u0432 \u041c\u0438\u0445\u0430\u043b\u0438\u0447\u043a\u0430 \u044f\u0432\u043b\u044f\u0435\u0442\u0441\u044f \u0447\u043b\u0435\u043d\u043e\u043c \u0421\u043b\u043e\u0432\u0430\u0446\u043a\u043e\u0439 \u043a\u043e\u043b\u043b\u0435\u0433\u0438\u0438 \u0430\u0434\u0432\u043e\u043a\u0430\u0442\u043e\u0432. \u041f\u043e \u0443\u0441\u043f\u0435\u0448\u043d\u043e\u0439 \u0441\u0434\u0430\u0447\u0435 \u0430\u0434\u0432\u043e\u043a\u0430\u0442\u0441\u043a\u043e\u0433\u043e \u043a\u0432\u0430\u043b\u0438\u0444\u0438\u043a\u0430\u0446\u0438\u043e\u043d\u043d\u043e\u0433\u043e \u044d\u043a\u0437\u0430\u043c\u0435\u043d\u0430\u00a0 \u0438 \u043f\u0440\u0430\u043a\u0442\u0438\u0447\u0435\u0441\u043a\u043e\u0439 \u0434\u0435\u044f\u0442\u0435\u043b\u044c\u043d\u043e\u0441\u0442\u0438 \u0432 \u0441\u043e\u043e\u0442\u0432\u0435\u0442\u0441\u0442\u0432\u0438\u0438 \u0441 \u0437\u0430\u043a\u043e\u043d\u043e\u043c 586\/2003 \u201c \u041e \u0430\u0434\u0432\u043e\u043a\u0430\u0442\u0443\u0440\u0435 \u201e \u00a0\u0437\u0430\u0440\u0435\u0433\u0438\u0441\u0442\u0440\u0438\u0440\u043e\u0432\u0430\u043d \u0432 \u043a\u0430\u0447\u0435\u0441\u0442\u0432\u0435\u00a0 \u0430\u0434\u0432\u043e\u043a\u0430\u0442\u0430. \u0414\u043e\u043a\u0442\u043e\u0440 \u044e\u0440\u0438\u0434\u0438\u0447\u0435\u0441\u043a\u0438\u0445 \u043d\u0430\u0443\u043a \u044f\u0432\u043b\u044f\u0435\u0442\u0441\u044f \u0441\u0443\u0434\u044c\u0435\u0439 \u0422\u0440\u0435\u0442\u0435\u0439\u0441\u043a\u043e\u0433\u043e \u0441\u0443\u0434\u0430, \u0443\u0442\u0432\u0435\u0440\u0436\u0434\u0435\u043d\u043d\u043e\u0433\u043e \u041c\u0438\u043d\u0438\u0441\u0442\u0435\u0440\u0441\u0442\u0432\u043e\u043c \u042e\u0441\u0442\u0438\u0446\u0438\u0438, \u0432 \u0441\u043e\u043e\u0442\u0432\u0435\u0442\u0441\u0442\u0432\u0438\u0438 \u0441 \u0437\u0430\u043a\u043e\u043d\u043e\u043c 244\/2002 \u201eO \u0422\u0440\u0435\u0442\u0435\u0439\u0441\u043a\u043e\u043c \u0441\u0443\u0434\u043e\u043f\u0440\u043e\u0438\u0437\u0432\u043e\u0434\u0441\u0442\u0432\u0435\u201e. \u0410\u0434\u0432\u043e\u043a\u0430\u0442\u0441\u043a\u0430\u044f \u043a\u043e\u043d\u0442\u043e\u0440\u0430 \u0434\u043e\u043a\u0442\u043e\u0440\u0430 \u044e\u0440\u0438\u0434\u0438\u0447\u0435\u0441\u043a\u0438\u0445 \u043d\u0430\u0443\u043a \u041c\u0438\u0440\u043e\u0441\u043b\u0430\u0432\u0430 \u041c\u0438\u0445\u0430\u043b\u0438\u0447\u043a\u0438 [&hellip;]<\/p>\n","protected":false},"author":1,"featured_media":0,"parent":10,"menu_order":40,"comment_status":"closed","ping_status":"closed","template":"","meta":{"_monsterinsights_skip_tracking":false,"_monsterinsights_sitenote_active":false,"_monsterinsights_sitenote_note":"","_monsterinsights_sitenote_category":0,"footnotes":""},"class_list":["post-26","page","type-page","status-publish","czr-hentry"],"yoast_head":"<!-- This site is optimized with the Yoast SEO plugin v27.0 - https:\/\/yoast.com\/product\/yoast-seo-wordpress\/ -->\n<title>\u041e\u0442\u0437\u044b\u0432\u044b \u0438 \u0440\u0435\u043a\u043e\u043c\u0435\u043d\u0434\u0430\u0446\u0438\u0438 - \u041a\u043e\u043d\u0442\u043e\u0440\u0430 \u0434\u043e\u043a\u0442\u043e\u0440\u0430 \u044e\u0440\u0438\u0434\u0438\u0447\u0435\u0441\u043a\u0438\u0445 \u043d\u0430\u0443\u043a \u041c\u0438\u0440\u043e\u0441\u043b\u0430\u0432\u0430 \u041c\u0438\u0445\u0430\u043b\u0438\u0447\u043a\u0438<\/title>\n<meta name=\"robots\" content=\"index, follow, max-snippet:-1, max-image-preview:large, max-video-preview:-1\" \/>\n<link rel=\"canonical\" href=\"https:\/\/www.michalicka.sk\/ru\/spravcovska-cinnost\/referencie-a-clenstvo\/\" \/>\n<meta property=\"og:locale\" content=\"ru_RU\" \/>\n<meta property=\"og:type\" content=\"article\" \/>\n<meta property=\"og:title\" content=\"\u041e\u0442\u0437\u044b\u0432\u044b \u0438 \u0440\u0435\u043a\u043e\u043c\u0435\u043d\u0434\u0430\u0446\u0438\u0438 - \u041a\u043e\u043d\u0442\u043e\u0440\u0430 \u0434\u043e\u043a\u0442\u043e\u0440\u0430 \u044e\u0440\u0438\u0434\u0438\u0447\u0435\u0441\u043a\u0438\u0445 \u043d\u0430\u0443\u043a \u041c\u0438\u0440\u043e\u0441\u043b\u0430\u0432\u0430 \u041c\u0438\u0445\u0430\u043b\u0438\u0447\u043a\u0438\" \/>\n<meta property=\"og:description\" content=\"\u0410\u0434\u0432\u043e\u043a\u0430\u0442\u00a0 \u041c\u0438\u0440\u043e\u0441\u043b\u0430\u0432 \u041c\u0438\u0445\u0430\u043b\u0438\u0447\u043a\u0430 \u044f\u0432\u043b\u044f\u0435\u0442\u0441\u044f \u0447\u043b\u0435\u043d\u043e\u043c \u0421\u043b\u043e\u0432\u0430\u0446\u043a\u043e\u0439 \u043a\u043e\u043b\u043b\u0435\u0433\u0438\u0438 \u0430\u0434\u0432\u043e\u043a\u0430\u0442\u043e\u0432. \u041f\u043e \u0443\u0441\u043f\u0435\u0448\u043d\u043e\u0439 \u0441\u0434\u0430\u0447\u0435 \u0430\u0434\u0432\u043e\u043a\u0430\u0442\u0441\u043a\u043e\u0433\u043e \u043a\u0432\u0430\u043b\u0438\u0444\u0438\u043a\u0430\u0446\u0438\u043e\u043d\u043d\u043e\u0433\u043e \u044d\u043a\u0437\u0430\u043c\u0435\u043d\u0430\u00a0 \u0438 \u043f\u0440\u0430\u043a\u0442\u0438\u0447\u0435\u0441\u043a\u043e\u0439 \u0434\u0435\u044f\u0442\u0435\u043b\u044c\u043d\u043e\u0441\u0442\u0438 \u0432 \u0441\u043e\u043e\u0442\u0432\u0435\u0442\u0441\u0442\u0432\u0438\u0438 \u0441 \u0437\u0430\u043a\u043e\u043d\u043e\u043c 586\/2003 \u201c \u041e \u0430\u0434\u0432\u043e\u043a\u0430\u0442\u0443\u0440\u0435 \u201e \u00a0\u0437\u0430\u0440\u0435\u0433\u0438\u0441\u0442\u0440\u0438\u0440\u043e\u0432\u0430\u043d \u0432 \u043a\u0430\u0447\u0435\u0441\u0442\u0432\u0435\u00a0 \u0430\u0434\u0432\u043e\u043a\u0430\u0442\u0430. \u0414\u043e\u043a\u0442\u043e\u0440 \u044e\u0440\u0438\u0434\u0438\u0447\u0435\u0441\u043a\u0438\u0445 \u043d\u0430\u0443\u043a \u044f\u0432\u043b\u044f\u0435\u0442\u0441\u044f \u0441\u0443\u0434\u044c\u0435\u0439 \u0422\u0440\u0435\u0442\u0435\u0439\u0441\u043a\u043e\u0433\u043e \u0441\u0443\u0434\u0430, \u0443\u0442\u0432\u0435\u0440\u0436\u0434\u0435\u043d\u043d\u043e\u0433\u043e \u041c\u0438\u043d\u0438\u0441\u0442\u0435\u0440\u0441\u0442\u0432\u043e\u043c \u042e\u0441\u0442\u0438\u0446\u0438\u0438, \u0432 \u0441\u043e\u043e\u0442\u0432\u0435\u0442\u0441\u0442\u0432\u0438\u0438 \u0441 \u0437\u0430\u043a\u043e\u043d\u043e\u043c 244\/2002 \u201eO \u0422\u0440\u0435\u0442\u0435\u0439\u0441\u043a\u043e\u043c \u0441\u0443\u0434\u043e\u043f\u0440\u043e\u0438\u0437\u0432\u043e\u0434\u0441\u0442\u0432\u0435\u201e. \u0410\u0434\u0432\u043e\u043a\u0430\u0442\u0441\u043a\u0430\u044f \u043a\u043e\u043d\u0442\u043e\u0440\u0430 \u0434\u043e\u043a\u0442\u043e\u0440\u0430 \u044e\u0440\u0438\u0434\u0438\u0447\u0435\u0441\u043a\u0438\u0445 \u043d\u0430\u0443\u043a \u041c\u0438\u0440\u043e\u0441\u043b\u0430\u0432\u0430 \u041c\u0438\u0445\u0430\u043b\u0438\u0447\u043a\u0438 [&hellip;]\" \/>\n<meta property=\"og:url\" content=\"https:\/\/www.michalicka.sk\/ru\/spravcovska-cinnost\/referencie-a-clenstvo\/\" \/>\n<meta property=\"og:site_name\" content=\"\u041a\u043e\u043d\u0442\u043e\u0440\u0430 \u0434\u043e\u043a\u0442\u043e\u0440\u0430 \u044e\u0440\u0438\u0434\u0438\u0447\u0435\u0441\u043a\u0438\u0445 \u043d\u0430\u0443\u043a \u041c\u0438\u0440\u043e\u0441\u043b\u0430\u0432\u0430 \u041c\u0438\u0445\u0430\u043b\u0438\u0447\u043a\u0438\" \/>\n<meta property=\"article:modified_time\" content=\"2017-10-27T19:46:22+00:00\" \/>\n<meta name=\"twitter:card\" content=\"summary_large_image\" \/>\n<meta name=\"twitter:label1\" content=\"\u041f\u0440\u0438\u043c\u0435\u0440\u043d\u043e\u0435 \u0432\u0440\u0435\u043c\u044f \u0434\u043b\u044f \u0447\u0442\u0435\u043d\u0438\u044f\" \/>\n\t<meta name=\"twitter:data1\" content=\"3 \u043c\u0438\u043d\u0443\u0442\u044b\" \/>\n<script type=\"application\/ld+json\" class=\"yoast-schema-graph\">{\"@context\":\"https:\/\/schema.org\",\"@graph\":[{\"@type\":\"WebPage\",\"@id\":\"https:\/\/www.michalicka.sk\/ru\/spravcovska-cinnost\/referencie-a-clenstvo\/\",\"url\":\"https:\/\/www.michalicka.sk\/ru\/spravcovska-cinnost\/referencie-a-clenstvo\/\",\"name\":\"\u041e\u0442\u0437\u044b\u0432\u044b \u0438 \u0440\u0435\u043a\u043e\u043c\u0435\u043d\u0434\u0430\u0446\u0438\u0438 - \u041a\u043e\u043d\u0442\u043e\u0440\u0430 \u0434\u043e\u043a\u0442\u043e\u0440\u0430 \u044e\u0440\u0438\u0434\u0438\u0447\u0435\u0441\u043a\u0438\u0445 \u043d\u0430\u0443\u043a \u041c\u0438\u0440\u043e\u0441\u043b\u0430\u0432\u0430 \u041c\u0438\u0445\u0430\u043b\u0438\u0447\u043a\u0438\",\"isPartOf\":{\"@id\":\"https:\/\/www.michalicka.sk\/ru\/#website\"},\"datePublished\":\"2016-05-24T12:49:23+00:00\",\"dateModified\":\"2017-10-27T19:46:22+00:00\",\"breadcrumb\":{\"@id\":\"https:\/\/www.michalicka.sk\/ru\/spravcovska-cinnost\/referencie-a-clenstvo\/#breadcrumb\"},\"inLanguage\":\"ru-RU\",\"potentialAction\":[{\"@type\":\"ReadAction\",\"target\":[[\"https:\/\/www.michalicka.sk\/ru\/spravcovska-cinnost\/referencie-a-clenstvo\/\"]]}]},{\"@type\":\"BreadcrumbList\",\"@id\":\"https:\/\/www.michalicka.sk\/ru\/spravcovska-cinnost\/referencie-a-clenstvo\/#breadcrumb\",\"itemListElement\":[{\"@type\":\"ListItem\",\"position\":1,\"name\":\"Domovsk\u00e1 str\u00e1nka\",\"item\":\"https:\/\/www.michalicka.sk\/ru\/\"},{\"@type\":\"ListItem\",\"position\":2,\"name\":\"Spr\u00e1vcovsk\u00e1 \u010dinnos\u0165\",\"item\":\"https:\/\/www.michalicka.sk\/ru\/spravcovska-cinnost\/\"},{\"@type\":\"ListItem\",\"position\":3,\"name\":\"\u010clenstvo a referencie\"}]},{\"@type\":\"WebSite\",\"@id\":\"https:\/\/www.michalicka.sk\/ru\/#website\",\"url\":\"https:\/\/www.michalicka.sk\/ru\/\",\"name\":\"\u041a\u043e\u043d\u0442\u043e\u0440\u0430 \u0434\u043e\u043a\u0442\u043e\u0440\u0430 \u044e\u0440\u0438\u0434\u0438\u0447\u0435\u0441\u043a\u0438\u0445 \u043d\u0430\u0443\u043a \u041c\u0438\u0440\u043e\u0441\u043b\u0430\u0432\u0430 \u041c\u0438\u0445\u0430\u043b\u0438\u0447\u043a\u0438\",\"description\":\"\u0410\u0434\u0432\u043e\u043a\u0430\u0442\u0443\u0440\u0430 \u0438 \u0430\u0440\u0431\u0438\u0442\u0440\u0430\u0436\u043d\u043e\u0435 \u0443\u043f\u0440\u0430\u0432\u043b\u0435\u043d\u0438\u0435\",\"potentialAction\":[{\"@type\":\"SearchAction\",\"target\":{\"@type\":\"EntryPoint\",\"urlTemplate\":\"https:\/\/www.michalicka.sk\/ru\/?s={search_term_string}\"},\"query-input\":{\"@type\":\"PropertyValueSpecification\",\"valueRequired\":true,\"valueName\":\"search_term_string\"}}],\"inLanguage\":\"ru-RU\"}]}<\/script>\n<!-- \/ Yoast SEO plugin. -->","yoast_head_json":{"title":"\u041e\u0442\u0437\u044b\u0432\u044b \u0438 \u0440\u0435\u043a\u043e\u043c\u0435\u043d\u0434\u0430\u0446\u0438\u0438 - \u041a\u043e\u043d\u0442\u043e\u0440\u0430 \u0434\u043e\u043a\u0442\u043e\u0440\u0430 \u044e\u0440\u0438\u0434\u0438\u0447\u0435\u0441\u043a\u0438\u0445 \u043d\u0430\u0443\u043a \u041c\u0438\u0440\u043e\u0441\u043b\u0430\u0432\u0430 \u041c\u0438\u0445\u0430\u043b\u0438\u0447\u043a\u0438","robots":{"index":"index","follow":"follow","max-snippet":"max-snippet:-1","max-image-preview":"max-image-preview:large","max-video-preview":"max-video-preview:-1"},"canonical":"https:\/\/www.michalicka.sk\/ru\/spravcovska-cinnost\/referencie-a-clenstvo\/","og_locale":"ru_RU","og_type":"article","og_title":"\u041e\u0442\u0437\u044b\u0432\u044b \u0438 \u0440\u0435\u043a\u043e\u043c\u0435\u043d\u0434\u0430\u0446\u0438\u0438 - \u041a\u043e\u043d\u0442\u043e\u0440\u0430 \u0434\u043e\u043a\u0442\u043e\u0440\u0430 \u044e\u0440\u0438\u0434\u0438\u0447\u0435\u0441\u043a\u0438\u0445 \u043d\u0430\u0443\u043a \u041c\u0438\u0440\u043e\u0441\u043b\u0430\u0432\u0430 \u041c\u0438\u0445\u0430\u043b\u0438\u0447\u043a\u0438","og_description":"\u0410\u0434\u0432\u043e\u043a\u0430\u0442\u00a0 \u041c\u0438\u0440\u043e\u0441\u043b\u0430\u0432 \u041c\u0438\u0445\u0430\u043b\u0438\u0447\u043a\u0430 \u044f\u0432\u043b\u044f\u0435\u0442\u0441\u044f \u0447\u043b\u0435\u043d\u043e\u043c \u0421\u043b\u043e\u0432\u0430\u0446\u043a\u043e\u0439 \u043a\u043e\u043b\u043b\u0435\u0433\u0438\u0438 \u0430\u0434\u0432\u043e\u043a\u0430\u0442\u043e\u0432. \u041f\u043e \u0443\u0441\u043f\u0435\u0448\u043d\u043e\u0439 \u0441\u0434\u0430\u0447\u0435 \u0430\u0434\u0432\u043e\u043a\u0430\u0442\u0441\u043a\u043e\u0433\u043e \u043a\u0432\u0430\u043b\u0438\u0444\u0438\u043a\u0430\u0446\u0438\u043e\u043d\u043d\u043e\u0433\u043e \u044d\u043a\u0437\u0430\u043c\u0435\u043d\u0430\u00a0 \u0438 \u043f\u0440\u0430\u043a\u0442\u0438\u0447\u0435\u0441\u043a\u043e\u0439 \u0434\u0435\u044f\u0442\u0435\u043b\u044c\u043d\u043e\u0441\u0442\u0438 \u0432 \u0441\u043e\u043e\u0442\u0432\u0435\u0442\u0441\u0442\u0432\u0438\u0438 \u0441 \u0437\u0430\u043a\u043e\u043d\u043e\u043c 586\/2003 \u201c \u041e \u0430\u0434\u0432\u043e\u043a\u0430\u0442\u0443\u0440\u0435 \u201e \u00a0\u0437\u0430\u0440\u0435\u0433\u0438\u0441\u0442\u0440\u0438\u0440\u043e\u0432\u0430\u043d \u0432 \u043a\u0430\u0447\u0435\u0441\u0442\u0432\u0435\u00a0 \u0430\u0434\u0432\u043e\u043a\u0430\u0442\u0430. \u0414\u043e\u043a\u0442\u043e\u0440 \u044e\u0440\u0438\u0434\u0438\u0447\u0435\u0441\u043a\u0438\u0445 \u043d\u0430\u0443\u043a \u044f\u0432\u043b\u044f\u0435\u0442\u0441\u044f \u0441\u0443\u0434\u044c\u0435\u0439 \u0422\u0440\u0435\u0442\u0435\u0439\u0441\u043a\u043e\u0433\u043e \u0441\u0443\u0434\u0430, \u0443\u0442\u0432\u0435\u0440\u0436\u0434\u0435\u043d\u043d\u043e\u0433\u043e \u041c\u0438\u043d\u0438\u0441\u0442\u0435\u0440\u0441\u0442\u0432\u043e\u043c \u042e\u0441\u0442\u0438\u0446\u0438\u0438, \u0432 \u0441\u043e\u043e\u0442\u0432\u0435\u0442\u0441\u0442\u0432\u0438\u0438 \u0441 \u0437\u0430\u043a\u043e\u043d\u043e\u043c 244\/2002 \u201eO \u0422\u0440\u0435\u0442\u0435\u0439\u0441\u043a\u043e\u043c \u0441\u0443\u0434\u043e\u043f\u0440\u043e\u0438\u0437\u0432\u043e\u0434\u0441\u0442\u0432\u0435\u201e. \u0410\u0434\u0432\u043e\u043a\u0430\u0442\u0441\u043a\u0430\u044f \u043a\u043e\u043d\u0442\u043e\u0440\u0430 \u0434\u043e\u043a\u0442\u043e\u0440\u0430 \u044e\u0440\u0438\u0434\u0438\u0447\u0435\u0441\u043a\u0438\u0445 \u043d\u0430\u0443\u043a \u041c\u0438\u0440\u043e\u0441\u043b\u0430\u0432\u0430 \u041c\u0438\u0445\u0430\u043b\u0438\u0447\u043a\u0438 [&hellip;]","og_url":"https:\/\/www.michalicka.sk\/ru\/spravcovska-cinnost\/referencie-a-clenstvo\/","og_site_name":"\u041a\u043e\u043d\u0442\u043e\u0440\u0430 \u0434\u043e\u043a\u0442\u043e\u0440\u0430 \u044e\u0440\u0438\u0434\u0438\u0447\u0435\u0441\u043a\u0438\u0445 \u043d\u0430\u0443\u043a \u041c\u0438\u0440\u043e\u0441\u043b\u0430\u0432\u0430 \u041c\u0438\u0445\u0430\u043b\u0438\u0447\u043a\u0438","article_modified_time":"2017-10-27T19:46:22+00:00","twitter_card":"summary_large_image","twitter_misc":{"\u041f\u0440\u0438\u043c\u0435\u0440\u043d\u043e\u0435 \u0432\u0440\u0435\u043c\u044f \u0434\u043b\u044f \u0447\u0442\u0435\u043d\u0438\u044f":"3 \u043c\u0438\u043d\u0443\u0442\u044b"},"schema":{"@context":"https:\/\/schema.org","@graph":[{"@type":"WebPage","@id":"https:\/\/www.michalicka.sk\/ru\/spravcovska-cinnost\/referencie-a-clenstvo\/","url":"https:\/\/www.michalicka.sk\/ru\/spravcovska-cinnost\/referencie-a-clenstvo\/","name":"\u041e\u0442\u0437\u044b\u0432\u044b \u0438 \u0440\u0435\u043a\u043e\u043c\u0435\u043d\u0434\u0430\u0446\u0438\u0438 - \u041a\u043e\u043d\u0442\u043e\u0440\u0430 \u0434\u043e\u043a\u0442\u043e\u0440\u0430 \u044e\u0440\u0438\u0434\u0438\u0447\u0435\u0441\u043a\u0438\u0445 \u043d\u0430\u0443\u043a \u041c\u0438\u0440\u043e\u0441\u043b\u0430\u0432\u0430 \u041c\u0438\u0445\u0430\u043b\u0438\u0447\u043a\u0438","isPartOf":{"@id":"https:\/\/www.michalicka.sk\/ru\/#website"},"datePublished":"2016-05-24T12:49:23+00:00","dateModified":"2017-10-27T19:46:22+00:00","breadcrumb":{"@id":"https:\/\/www.michalicka.sk\/ru\/spravcovska-cinnost\/referencie-a-clenstvo\/#breadcrumb"},"inLanguage":"ru-RU","potentialAction":[{"@type":"ReadAction","target":[["https:\/\/www.michalicka.sk\/ru\/spravcovska-cinnost\/referencie-a-clenstvo\/"]]}]},{"@type":"BreadcrumbList","@id":"https:\/\/www.michalicka.sk\/ru\/spravcovska-cinnost\/referencie-a-clenstvo\/#breadcrumb","itemListElement":[{"@type":"ListItem","position":1,"name":"Domovsk\u00e1 str\u00e1nka","item":"https:\/\/www.michalicka.sk\/ru\/"},{"@type":"ListItem","position":2,"name":"Spr\u00e1vcovsk\u00e1 \u010dinnos\u0165","item":"https:\/\/www.michalicka.sk\/ru\/spravcovska-cinnost\/"},{"@type":"ListItem","position":3,"name":"\u010clenstvo a referencie"}]},{"@type":"WebSite","@id":"https:\/\/www.michalicka.sk\/ru\/#website","url":"https:\/\/www.michalicka.sk\/ru\/","name":"\u041a\u043e\u043d\u0442\u043e\u0440\u0430 \u0434\u043e\u043a\u0442\u043e\u0440\u0430 \u044e\u0440\u0438\u0434\u0438\u0447\u0435\u0441\u043a\u0438\u0445 \u043d\u0430\u0443\u043a \u041c\u0438\u0440\u043e\u0441\u043b\u0430\u0432\u0430 \u041c\u0438\u0445\u0430\u043b\u0438\u0447\u043a\u0438","description":"\u0410\u0434\u0432\u043e\u043a\u0430\u0442\u0443\u0440\u0430 \u0438 \u0430\u0440\u0431\u0438\u0442\u0440\u0430\u0436\u043d\u043e\u0435 \u0443\u043f\u0440\u0430\u0432\u043b\u0435\u043d\u0438\u0435","potentialAction":[{"@type":"SearchAction","target":{"@type":"EntryPoint","urlTemplate":"https:\/\/www.michalicka.sk\/ru\/?s={search_term_string}"},"query-input":{"@type":"PropertyValueSpecification","valueRequired":true,"valueName":"search_term_string"}}],"inLanguage":"ru-RU"}]}},"_links":{"self":[{"href":"https:\/\/www.michalicka.sk\/ru\/wp-json\/wp\/v2\/pages\/26","targetHints":{"allow":["GET"]}}],"collection":[{"href":"https:\/\/www.michalicka.sk\/ru\/wp-json\/wp\/v2\/pages"}],"about":[{"href":"https:\/\/www.michalicka.sk\/ru\/wp-json\/wp\/v2\/types\/page"}],"author":[{"embeddable":true,"href":"https:\/\/www.michalicka.sk\/ru\/wp-json\/wp\/v2\/users\/1"}],"replies":[{"embeddable":true,"href":"https:\/\/www.michalicka.sk\/ru\/wp-json\/wp\/v2\/comments?post=26"}],"version-history":[{"count":30,"href":"https:\/\/www.michalicka.sk\/ru\/wp-json\/wp\/v2\/pages\/26\/revisions"}],"predecessor-version":[{"id":544,"href":"https:\/\/www.michalicka.sk\/ru\/wp-json\/wp\/v2\/pages\/26\/revisions\/544"}],"up":[{"embeddable":true,"href":"https:\/\/www.michalicka.sk\/ru\/wp-json\/wp\/v2\/pages\/10"}],"wp:attachment":[{"href":"https:\/\/www.michalicka.sk\/ru\/wp-json\/wp\/v2\/media?parent=26"}],"curies":[{"name":"wp","href":"https:\/\/api.w.org\/{rel}","templated":true}]}}