{"id":225,"date":"2016-07-05T14:48:57","date_gmt":"2016-07-05T14:48:57","guid":{"rendered":"http:\/\/michalicka.sk\/?page_id=225"},"modified":"2016-07-22T12:51:52","modified_gmt":"2016-07-22T12:51:52","slug":"vydrzanie","status":"publish","type":"page","link":"https:\/\/www.michalicka.sk\/ru\/advokatske-sluzby\/poradna-on-line\/vydrzanie\/","title":{"rendered":"Vydr\u017eanie"},"content":{"rendered":"<h1>Vydr\u017eanie.<\/h1>\n<p>Slovensk\u00fd pr\u00e1vny poriadok umo\u017e\u0148uje viacer\u00e9 sp\u00f4soby nadobudnutia vlastn\u00edckeho pr\u00e1va. S\u00fa nimi napr. nadob\u00fadanie vlastn\u00edckeho pr\u00e1va k\u00fapou, darovan\u00edm, deden\u00edm, vydr\u017ean\u00edm, at\u010f..<\/p>\n<p>Vydr\u017eanie je \u010dasto spom\u00ednan\u00fd pojem, av\u0161ak v\u0161eobecne nie je pr\u00e1vny v\u00fdznam tohto in\u0161tit\u00fatu ve\u013emi zn\u00e1my.<\/p>\n<p>Ide o \u0161pecifick\u00fd pr\u00edpad, kedy sa dr\u017eite\u013eovi poskytuje z\u00e1konn\u00e1 mo\u017enos\u0165 nadobudn\u00fa\u0165 vlastn\u00edcke alebo in\u00e9 pr\u00e1vo k veci, ktor\u00fa dlhodobo u\u017e\u00edva, konkr\u00e9tne hovor\u00edme, \u017ee vec vydr\u017e\u00ed.<\/p>\n<p>Prv\u00fdm krit\u00e9riom na to, aby do\u0161lo k vydr\u017eaniu veci je uplynutie nepretr\u017eitej vydr\u017eacej doby. V\u00fdchodiskom pre d\u013a\u017eku tejto doby je rozdelenie pod\u013ea toho, o ak\u00fd predmet vydr\u017eania ide. V prvom pr\u00edpade ak ide o hnute\u013en\u00fa vec je potrebn\u00e1 nepretr\u017eit\u00e1 vydr\u017eacia doba 3 roky. Pri nehnute\u013enej veci je t\u00e1to doba dlh\u0161ia, ide o nepretr\u017eit\u00fa dobu 10 rokov. Do tejto doby sa zapo\u010d\u00edta aj doba, po ktor\u00fa mal vec v opr\u00e1vnenej dr\u017ebe pr\u00e1vny predchodca.<\/p>\n<p>Druh\u00fdm e\u0161te d\u00f4le\u017eitej\u0161\u00edm krit\u00e9riom, okrem nepretr\u017eit\u00e9ho trvania z\u00e1konom stanovenej doby, je dobromyse\u013enos\u0165 dr\u017eite\u013ea. Dr\u017eite\u013e mus\u00ed by\u0165 dobromyse\u013en\u00fd v tom, \u017ee mu vec alebo pr\u00e1vo patr\u00ed. To znamen\u00e1, \u017ee mus\u00ed existova\u0165 preuk\u00e1zate\u013en\u00fd pr\u00e1vny \u00fakon, od ktor\u00e9ho dr\u017eite\u013e odvodzuje svoju dobromyse\u013enos\u0165. Od tohto pr\u00e1vneho \u00fakonu sa z\u00e1rove\u0148 zapo\u010dalo aj plynutie vydr\u017eacej doby. Pr\u00edkladom tak\u00e9hoto \u00fakonu je napr. k\u00fapa alebo darovanie od nevlastn\u00edka, kedy bol nadob\u00fadate\u013e dobromyse\u013en\u00fd, v tom, \u017ee vec nadobudol od vlastn\u00edka. (Nadob\u00fadate\u013e s\u00edce vec z\u00edskal od nevlastn\u00edka ale on sa domnieval, \u017ee \u0161lo o vlastn\u00edka. Nadob\u00fadate\u013e o svojom nadobudnut\u00ed vlastn\u00edctva nemal \u017eiadne pochybnosti.)<\/p>\n<p>D\u00f4le\u017eit\u00fdm faktorom dobromyse\u013enosti je to, \u017ee po\u010das vydr\u017eacej lehoty nezasiahol \u017eiaden in\u00fd subjekt do v\u00fdkonu pr\u00e1v dobromyse\u013en\u00e9ho dr\u017eite\u013ea. Nikto dobromyse\u013en\u00e9mu dr\u017eite\u013eovi neozn\u00e1mil alebo sa cestou s\u00fadu alebo inak nedo\u017eadoval, aby dobromyse\u013en\u00fd dr\u017eite\u013e prestal u\u017e\u00edva\u0165 predmet vydr\u017eania. T\u00fdmto ozn\u00e1men\u00edm alebo podan\u00edm na s\u00fad by sa toti\u017e z dobromyse\u013en\u00e9ho dr\u017eite\u013ea stal nedobromyse\u013en\u00fd dr\u017eite\u013e (preto\u017ee by sa dozvedel o tom, \u017ee nadobudol vec od nevlastn\u00edka) a ke\u010f\u017ee lehota jeho dobromyse\u013en\u00e9ho u\u017e\u00edvania e\u0161te neuplynula, nikdy by sa u\u017e nestal vlastn\u00edkom.<\/p>\n<p>Ak je dr\u017eite\u013e so zrete\u013eom na v\u0161etky okolnosti dobromyse\u013en\u00fd v tom, \u017ee mu vec alebo pr\u00e1vo patr\u00ed, je dr\u017eite\u013eom opr\u00e1vnen\u00fdm.<\/p>\n<p>Posledn\u00fdm krit\u00e9riom je tzv. sp\u00f4sobilos\u0165 predmetu vydr\u017eania. Nie je mo\u017en\u00e9 vydr\u017ea\u0165 veci, ktor\u00e9 nemo\u017eno vlastni\u0165 a veci ktor\u00e9 m\u00f4\u017eu by\u0165 len vo vlastn\u00edctve \u0161t\u00e1tu alebo z\u00e1konom ur\u010den\u00fdch os\u00f4b.<\/p>\n<p>Na to, aby dr\u017eite\u013e nadobudol vlastn\u00edcke (alebo in\u00e9) pr\u00e1vo, musia by\u0165 splnen\u00e9 tri z\u00e1kladn\u00e9 krit\u00e9ri\u00e1. Za prv\u00e9 z\u00e1konom stanoven\u00e1 nepretr\u017eit\u00e1 lehota, za druh\u00e9 opr\u00e1vnenos\u0165 dr\u017eby a za tretie sp\u00f4sobilos\u0165 predmetu vydr\u017eania. Uplynutie vydr\u017eacej doby je okamihom nadobudnutia vlastn\u00edckeho (alebo in\u00e9ho) pr\u00e1va.<\/p>\n<p><em>Trnavsko \u010d. 40, Pr\u00e1vna porad\u0148a, 10.10.2008<\/em><\/p>\n","protected":false},"excerpt":{"rendered":"<p>Vydr\u017eanie. Slovensk\u00fd pr\u00e1vny poriadok umo\u017e\u0148uje viacer\u00e9 sp\u00f4soby nadobudnutia vlastn\u00edckeho pr\u00e1va. S\u00fa nimi napr. nadob\u00fadanie vlastn\u00edckeho pr\u00e1va k\u00fapou, darovan\u00edm, deden\u00edm, vydr\u017ean\u00edm, at\u010f.. Vydr\u017eanie je \u010dasto spom\u00ednan\u00fd pojem, av\u0161ak v\u0161eobecne nie je pr\u00e1vny v\u00fdznam tohto in\u0161tit\u00fatu ve\u013emi zn\u00e1my. Ide o \u0161pecifick\u00fd pr\u00edpad, kedy sa dr\u017eite\u013eovi poskytuje z\u00e1konn\u00e1 mo\u017enos\u0165 nadobudn\u00fa\u0165 vlastn\u00edcke alebo in\u00e9 pr\u00e1vo k veci, ktor\u00fa dlhodobo [&hellip;]<\/p>\n","protected":false},"author":1,"featured_media":0,"parent":18,"menu_order":100,"comment_status":"closed","ping_status":"closed","template":"","meta":{"_monsterinsights_skip_tracking":false,"_monsterinsights_sitenote_active":false,"_monsterinsights_sitenote_note":"","_monsterinsights_sitenote_category":0,"footnotes":""},"class_list":["post-225","page","type-page","status-publish","czr-hentry"],"yoast_head":"<!-- This site is optimized with the Yoast SEO plugin v27.0 - https:\/\/yoast.com\/product\/yoast-seo-wordpress\/ -->\n<title>Vydr\u017eanie - \u041a\u043e\u043d\u0442\u043e\u0440\u0430 \u0434\u043e\u043a\u0442\u043e\u0440\u0430 \u044e\u0440\u0438\u0434\u0438\u0447\u0435\u0441\u043a\u0438\u0445 \u043d\u0430\u0443\u043a \u041c\u0438\u0440\u043e\u0441\u043b\u0430\u0432\u0430 \u041c\u0438\u0445\u0430\u043b\u0438\u0447\u043a\u0438<\/title>\n<meta name=\"robots\" content=\"index, follow, max-snippet:-1, max-image-preview:large, max-video-preview:-1\" \/>\n<link rel=\"canonical\" href=\"https:\/\/www.michalicka.sk\/ru\/advokatske-sluzby\/poradna-on-line\/vydrzanie\/\" \/>\n<meta property=\"og:locale\" content=\"ru_RU\" \/>\n<meta property=\"og:type\" content=\"article\" \/>\n<meta property=\"og:title\" content=\"Vydr\u017eanie - \u041a\u043e\u043d\u0442\u043e\u0440\u0430 \u0434\u043e\u043a\u0442\u043e\u0440\u0430 \u044e\u0440\u0438\u0434\u0438\u0447\u0435\u0441\u043a\u0438\u0445 \u043d\u0430\u0443\u043a \u041c\u0438\u0440\u043e\u0441\u043b\u0430\u0432\u0430 \u041c\u0438\u0445\u0430\u043b\u0438\u0447\u043a\u0438\" \/>\n<meta property=\"og:description\" content=\"Vydr\u017eanie. Slovensk\u00fd pr\u00e1vny poriadok umo\u017e\u0148uje viacer\u00e9 sp\u00f4soby nadobudnutia vlastn\u00edckeho pr\u00e1va. S\u00fa nimi napr. nadob\u00fadanie vlastn\u00edckeho pr\u00e1va k\u00fapou, darovan\u00edm, deden\u00edm, vydr\u017ean\u00edm, at\u010f.. Vydr\u017eanie je \u010dasto spom\u00ednan\u00fd pojem, av\u0161ak v\u0161eobecne nie je pr\u00e1vny v\u00fdznam tohto in\u0161tit\u00fatu ve\u013emi zn\u00e1my. Ide o \u0161pecifick\u00fd pr\u00edpad, kedy sa dr\u017eite\u013eovi poskytuje z\u00e1konn\u00e1 mo\u017enos\u0165 nadobudn\u00fa\u0165 vlastn\u00edcke alebo in\u00e9 pr\u00e1vo k veci, ktor\u00fa dlhodobo [&hellip;]\" \/>\n<meta property=\"og:url\" content=\"https:\/\/www.michalicka.sk\/ru\/advokatske-sluzby\/poradna-on-line\/vydrzanie\/\" \/>\n<meta property=\"og:site_name\" content=\"\u041a\u043e\u043d\u0442\u043e\u0440\u0430 \u0434\u043e\u043a\u0442\u043e\u0440\u0430 \u044e\u0440\u0438\u0434\u0438\u0447\u0435\u0441\u043a\u0438\u0445 \u043d\u0430\u0443\u043a \u041c\u0438\u0440\u043e\u0441\u043b\u0430\u0432\u0430 \u041c\u0438\u0445\u0430\u043b\u0438\u0447\u043a\u0438\" \/>\n<meta property=\"article:modified_time\" content=\"2016-07-22T12:51:52+00:00\" \/>\n<meta name=\"twitter:card\" content=\"summary_large_image\" \/>\n<meta name=\"twitter:label1\" content=\"\u041f\u0440\u0438\u043c\u0435\u0440\u043d\u043e\u0435 \u0432\u0440\u0435\u043c\u044f \u0434\u043b\u044f \u0447\u0442\u0435\u043d\u0438\u044f\" \/>\n\t<meta name=\"twitter:data1\" content=\"3 \u043c\u0438\u043d\u0443\u0442\u044b\" \/>\n<script type=\"application\/ld+json\" class=\"yoast-schema-graph\">{\"@context\":\"https:\/\/schema.org\",\"@graph\":[{\"@type\":\"WebPage\",\"@id\":\"https:\/\/www.michalicka.sk\/ru\/advokatske-sluzby\/poradna-on-line\/vydrzanie\/\",\"url\":\"https:\/\/www.michalicka.sk\/ru\/advokatske-sluzby\/poradna-on-line\/vydrzanie\/\",\"name\":\"Vydr\u017eanie - \u041a\u043e\u043d\u0442\u043e\u0440\u0430 \u0434\u043e\u043a\u0442\u043e\u0440\u0430 \u044e\u0440\u0438\u0434\u0438\u0447\u0435\u0441\u043a\u0438\u0445 \u043d\u0430\u0443\u043a \u041c\u0438\u0440\u043e\u0441\u043b\u0430\u0432\u0430 \u041c\u0438\u0445\u0430\u043b\u0438\u0447\u043a\u0438\",\"isPartOf\":{\"@id\":\"https:\/\/www.michalicka.sk\/ru\/#website\"},\"datePublished\":\"2016-07-05T14:48:57+00:00\",\"dateModified\":\"2016-07-22T12:51:52+00:00\",\"breadcrumb\":{\"@id\":\"https:\/\/www.michalicka.sk\/ru\/advokatske-sluzby\/poradna-on-line\/vydrzanie\/#breadcrumb\"},\"inLanguage\":\"ru-RU\",\"potentialAction\":[{\"@type\":\"ReadAction\",\"target\":[[\"https:\/\/www.michalicka.sk\/ru\/advokatske-sluzby\/poradna-on-line\/vydrzanie\/\"]]}]},{\"@type\":\"BreadcrumbList\",\"@id\":\"https:\/\/www.michalicka.sk\/ru\/advokatske-sluzby\/poradna-on-line\/vydrzanie\/#breadcrumb\",\"itemListElement\":[{\"@type\":\"ListItem\",\"position\":1,\"name\":\"Domovsk\u00e1 str\u00e1nka\",\"item\":\"https:\/\/www.michalicka.sk\/ru\/\"},{\"@type\":\"ListItem\",\"position\":2,\"name\":\"Advok\u00e1tske slu\u017eby\",\"item\":\"https:\/\/www.michalicka.sk\/ru\/advokatske-sluzby\/\"},{\"@type\":\"ListItem\",\"position\":3,\"name\":\"Porad\u0148a on-line\",\"item\":\"https:\/\/www.michalicka.sk\/ru\/advokatske-sluzby\/poradna-on-line\/\"},{\"@type\":\"ListItem\",\"position\":4,\"name\":\"Vydr\u017eanie\"}]},{\"@type\":\"WebSite\",\"@id\":\"https:\/\/www.michalicka.sk\/ru\/#website\",\"url\":\"https:\/\/www.michalicka.sk\/ru\/\",\"name\":\"\u041a\u043e\u043d\u0442\u043e\u0440\u0430 \u0434\u043e\u043a\u0442\u043e\u0440\u0430 \u044e\u0440\u0438\u0434\u0438\u0447\u0435\u0441\u043a\u0438\u0445 \u043d\u0430\u0443\u043a \u041c\u0438\u0440\u043e\u0441\u043b\u0430\u0432\u0430 \u041c\u0438\u0445\u0430\u043b\u0438\u0447\u043a\u0438\",\"description\":\"\u0410\u0434\u0432\u043e\u043a\u0430\u0442\u0443\u0440\u0430 \u0438 \u0430\u0440\u0431\u0438\u0442\u0440\u0430\u0436\u043d\u043e\u0435 \u0443\u043f\u0440\u0430\u0432\u043b\u0435\u043d\u0438\u0435\",\"potentialAction\":[{\"@type\":\"SearchAction\",\"target\":{\"@type\":\"EntryPoint\",\"urlTemplate\":\"https:\/\/www.michalicka.sk\/ru\/?s={search_term_string}\"},\"query-input\":{\"@type\":\"PropertyValueSpecification\",\"valueRequired\":true,\"valueName\":\"search_term_string\"}}],\"inLanguage\":\"ru-RU\"}]}<\/script>\n<!-- \/ Yoast SEO plugin. -->","yoast_head_json":{"title":"Vydr\u017eanie - \u041a\u043e\u043d\u0442\u043e\u0440\u0430 \u0434\u043e\u043a\u0442\u043e\u0440\u0430 \u044e\u0440\u0438\u0434\u0438\u0447\u0435\u0441\u043a\u0438\u0445 \u043d\u0430\u0443\u043a \u041c\u0438\u0440\u043e\u0441\u043b\u0430\u0432\u0430 \u041c\u0438\u0445\u0430\u043b\u0438\u0447\u043a\u0438","robots":{"index":"index","follow":"follow","max-snippet":"max-snippet:-1","max-image-preview":"max-image-preview:large","max-video-preview":"max-video-preview:-1"},"canonical":"https:\/\/www.michalicka.sk\/ru\/advokatske-sluzby\/poradna-on-line\/vydrzanie\/","og_locale":"ru_RU","og_type":"article","og_title":"Vydr\u017eanie - \u041a\u043e\u043d\u0442\u043e\u0440\u0430 \u0434\u043e\u043a\u0442\u043e\u0440\u0430 \u044e\u0440\u0438\u0434\u0438\u0447\u0435\u0441\u043a\u0438\u0445 \u043d\u0430\u0443\u043a \u041c\u0438\u0440\u043e\u0441\u043b\u0430\u0432\u0430 \u041c\u0438\u0445\u0430\u043b\u0438\u0447\u043a\u0438","og_description":"Vydr\u017eanie. Slovensk\u00fd pr\u00e1vny poriadok umo\u017e\u0148uje viacer\u00e9 sp\u00f4soby nadobudnutia vlastn\u00edckeho pr\u00e1va. S\u00fa nimi napr. nadob\u00fadanie vlastn\u00edckeho pr\u00e1va k\u00fapou, darovan\u00edm, deden\u00edm, vydr\u017ean\u00edm, at\u010f.. Vydr\u017eanie je \u010dasto spom\u00ednan\u00fd pojem, av\u0161ak v\u0161eobecne nie je pr\u00e1vny v\u00fdznam tohto in\u0161tit\u00fatu ve\u013emi zn\u00e1my. Ide o \u0161pecifick\u00fd pr\u00edpad, kedy sa dr\u017eite\u013eovi poskytuje z\u00e1konn\u00e1 mo\u017enos\u0165 nadobudn\u00fa\u0165 vlastn\u00edcke alebo in\u00e9 pr\u00e1vo k veci, ktor\u00fa dlhodobo [&hellip;]","og_url":"https:\/\/www.michalicka.sk\/ru\/advokatske-sluzby\/poradna-on-line\/vydrzanie\/","og_site_name":"\u041a\u043e\u043d\u0442\u043e\u0440\u0430 \u0434\u043e\u043a\u0442\u043e\u0440\u0430 \u044e\u0440\u0438\u0434\u0438\u0447\u0435\u0441\u043a\u0438\u0445 \u043d\u0430\u0443\u043a \u041c\u0438\u0440\u043e\u0441\u043b\u0430\u0432\u0430 \u041c\u0438\u0445\u0430\u043b\u0438\u0447\u043a\u0438","article_modified_time":"2016-07-22T12:51:52+00:00","twitter_card":"summary_large_image","twitter_misc":{"\u041f\u0440\u0438\u043c\u0435\u0440\u043d\u043e\u0435 \u0432\u0440\u0435\u043c\u044f \u0434\u043b\u044f \u0447\u0442\u0435\u043d\u0438\u044f":"3 \u043c\u0438\u043d\u0443\u0442\u044b"},"schema":{"@context":"https:\/\/schema.org","@graph":[{"@type":"WebPage","@id":"https:\/\/www.michalicka.sk\/ru\/advokatske-sluzby\/poradna-on-line\/vydrzanie\/","url":"https:\/\/www.michalicka.sk\/ru\/advokatske-sluzby\/poradna-on-line\/vydrzanie\/","name":"Vydr\u017eanie - \u041a\u043e\u043d\u0442\u043e\u0440\u0430 \u0434\u043e\u043a\u0442\u043e\u0440\u0430 \u044e\u0440\u0438\u0434\u0438\u0447\u0435\u0441\u043a\u0438\u0445 \u043d\u0430\u0443\u043a \u041c\u0438\u0440\u043e\u0441\u043b\u0430\u0432\u0430 \u041c\u0438\u0445\u0430\u043b\u0438\u0447\u043a\u0438","isPartOf":{"@id":"https:\/\/www.michalicka.sk\/ru\/#website"},"datePublished":"2016-07-05T14:48:57+00:00","dateModified":"2016-07-22T12:51:52+00:00","breadcrumb":{"@id":"https:\/\/www.michalicka.sk\/ru\/advokatske-sluzby\/poradna-on-line\/vydrzanie\/#breadcrumb"},"inLanguage":"ru-RU","potentialAction":[{"@type":"ReadAction","target":[["https:\/\/www.michalicka.sk\/ru\/advokatske-sluzby\/poradna-on-line\/vydrzanie\/"]]}]},{"@type":"BreadcrumbList","@id":"https:\/\/www.michalicka.sk\/ru\/advokatske-sluzby\/poradna-on-line\/vydrzanie\/#breadcrumb","itemListElement":[{"@type":"ListItem","position":1,"name":"Domovsk\u00e1 str\u00e1nka","item":"https:\/\/www.michalicka.sk\/ru\/"},{"@type":"ListItem","position":2,"name":"Advok\u00e1tske slu\u017eby","item":"https:\/\/www.michalicka.sk\/ru\/advokatske-sluzby\/"},{"@type":"ListItem","position":3,"name":"Porad\u0148a on-line","item":"https:\/\/www.michalicka.sk\/ru\/advokatske-sluzby\/poradna-on-line\/"},{"@type":"ListItem","position":4,"name":"Vydr\u017eanie"}]},{"@type":"WebSite","@id":"https:\/\/www.michalicka.sk\/ru\/#website","url":"https:\/\/www.michalicka.sk\/ru\/","name":"\u041a\u043e\u043d\u0442\u043e\u0440\u0430 \u0434\u043e\u043a\u0442\u043e\u0440\u0430 \u044e\u0440\u0438\u0434\u0438\u0447\u0435\u0441\u043a\u0438\u0445 \u043d\u0430\u0443\u043a \u041c\u0438\u0440\u043e\u0441\u043b\u0430\u0432\u0430 \u041c\u0438\u0445\u0430\u043b\u0438\u0447\u043a\u0438","description":"\u0410\u0434\u0432\u043e\u043a\u0430\u0442\u0443\u0440\u0430 \u0438 \u0430\u0440\u0431\u0438\u0442\u0440\u0430\u0436\u043d\u043e\u0435 \u0443\u043f\u0440\u0430\u0432\u043b\u0435\u043d\u0438\u0435","potentialAction":[{"@type":"SearchAction","target":{"@type":"EntryPoint","urlTemplate":"https:\/\/www.michalicka.sk\/ru\/?s={search_term_string}"},"query-input":{"@type":"PropertyValueSpecification","valueRequired":true,"valueName":"search_term_string"}}],"inLanguage":"ru-RU"}]}},"_links":{"self":[{"href":"https:\/\/www.michalicka.sk\/ru\/wp-json\/wp\/v2\/pages\/225","targetHints":{"allow":["GET"]}}],"collection":[{"href":"https:\/\/www.michalicka.sk\/ru\/wp-json\/wp\/v2\/pages"}],"about":[{"href":"https:\/\/www.michalicka.sk\/ru\/wp-json\/wp\/v2\/types\/page"}],"author":[{"embeddable":true,"href":"https:\/\/www.michalicka.sk\/ru\/wp-json\/wp\/v2\/users\/1"}],"replies":[{"embeddable":true,"href":"https:\/\/www.michalicka.sk\/ru\/wp-json\/wp\/v2\/comments?post=225"}],"version-history":[{"count":2,"href":"https:\/\/www.michalicka.sk\/ru\/wp-json\/wp\/v2\/pages\/225\/revisions"}],"predecessor-version":[{"id":267,"href":"https:\/\/www.michalicka.sk\/ru\/wp-json\/wp\/v2\/pages\/225\/revisions\/267"}],"up":[{"embeddable":true,"href":"https:\/\/www.michalicka.sk\/ru\/wp-json\/wp\/v2\/pages\/18"}],"wp:attachment":[{"href":"https:\/\/www.michalicka.sk\/ru\/wp-json\/wp\/v2\/media?parent=225"}],"curies":[{"name":"wp","href":"https:\/\/api.w.org\/{rel}","templated":true}]}}