{"id":223,"date":"2016-07-05T14:48:26","date_gmt":"2016-07-05T14:48:26","guid":{"rendered":"http:\/\/michalicka.sk\/?page_id=223"},"modified":"2016-07-22T12:51:42","modified_gmt":"2016-07-22T12:51:42","slug":"darovanie","status":"publish","type":"page","link":"https:\/\/www.michalicka.sk\/ru\/advokatske-sluzby\/poradna-on-line\/darovanie\/","title":{"rendered":"Darovanie"},"content":{"rendered":"<h1>Darovanie.<\/h1>\n<p>Darovanie je ve\u013emi \u010dasto pou\u017e\u00edvan\u00fd in\u0161tit\u00fat. T\u00fdka sa nie len darovania vo v\u0161eobecnosti ale i ot\u00e1zok darovania medzi pr\u00edbuzn\u00fdmi, man\u017eelmi, mo\u017enosti odmietnutia alebo vr\u00e1tenia daru \u010di neplatnosti darovacej zmluvy. V tomto \u010dl\u00e1nku sa preto stru\u010dne dotkneme najz\u00e1kladnej\u0161\u00edch a naj\u010dastej\u0161ie kladen\u00fdch ot\u00e1zok.<\/p>\n<p>Z\u00e1kladn\u00fdmi \u010drtami darovania je vo v\u0161eobecnosti dobrovo\u013enos\u0165 a bezplatnos\u0165, pri\u010dom bezplatnos\u0165ou rozumieme, \u017ee obdarovan\u00e9mu nevznik\u00e1 \u017eiadna pr\u00e1vna povinnos\u0165 poskytn\u00fa\u0165 za dar odplatu.<\/p>\n<p>Pri darovan\u00ed s\u00fa zmluvn\u00fdmi stranami darca na jednej strane a obdarovan\u00fd na strane druhej. Tu je vhodn\u00e9 pod\u010diarknu\u0165, \u017ee nejde teda o jednostrann\u00fd pr\u00e1vny \u00fakon, ako sa mnoh\u00ed domnievaj\u00fa. Teda pri darovan\u00ed je potrebn\u00e9 nie len samotn\u00e9 dobrovo\u013en\u00e9 odovzdanie veci darcom obdarovan\u00e9mu, ale aj dobrovo\u013ene prejaven\u00fd s\u00fahlas obdarovan\u00e9ho dar do vlastn\u00edctva prija\u0165. To znamen\u00e1, \u017ee napr. pri darovan\u00ed nehnute\u013enosti je potrebn\u00e9 uzavrie\u0165 p\u00edsomne darovaciu zmluvu, ktor\u00fa mus\u00ed podp\u00edsa\u0165 aj darca aj obdarovan\u00fd.<\/p>\n<p>Rovnako ako pri in\u00fdch prevodoch vlastn\u00edckeho pr\u00e1va, tak aj pri darovan\u00ed vznikaj\u00fa zmluvn\u00fdm stran\u00e1m ur\u010dit\u00e9 pr\u00e1va a povinnosti. Ide napr\u00edklad o povinnos\u0165 darcu odovzda\u0165 dar obdarovan\u00e9mu, takisto povinnos\u0165 darcu upozorni\u0165 obdarovan\u00e9ho na vlastnosti veci a na vady, o ktor\u00fdch darca vie. Ak obdarovan\u00e9mu vznikne \u0161koda v d\u00f4sledku toho, \u017ee darca neobozn\u00e1mil obdarovan\u00e9ho o vlastnostiach veci, zodpoved\u00e1 za \u0161kodu darca.<\/p>\n<p>Darovacia zmluva je neplatn\u00e1, ak sa m\u00e1 plni\u0165 a\u017e po darcovej smrti. Takisto je neplatn\u00e1 ak ide o podmienen\u00fa darovaciu zmluvu napr. tak, \u017ee obdarovan\u00fd nadobudne dar do vlastn\u00edctva a\u017e potom \u010do uzavrie man\u017eelstvo s ur\u010ditou osobou.<\/p>\n<p>Pokia\u013e ide o formu darovacej zmluvy, p\u00edsomn\u00e9 vyhotovenie sa vy\u017eaduje, ak je predmetom daru nehnute\u013enos\u0165 (v tomto pr\u00edpade nadob\u00fada obdarovan\u00fd vlastn\u00edcke pr\u00e1vo k nehnute\u013enosti vkladom do katastra nehnute\u013enost\u00ed). P\u00edsomn\u00e9 vyhotovenie darovacej zmluvy sa taktie\u017e vy\u017eaduje ak ide o hnute\u013en\u00fa vec ale k odovzdaniu veci ned\u00f4jde pri darovan\u00ed.<\/p>\n<p>V ur\u010dit\u00fdch v\u00fdnimo\u010dn\u00fdch pr\u00edpadoch je darca opr\u00e1vnen\u00fd od obdarovan\u00e9ho \u017eiada\u0165 vr\u00e1tenie daru. Tak\u00fdto n\u00e1rok sa zv\u00e4\u010d\u0161a uplat\u0148uje na s\u00fade, kde doch\u00e1dza k dokazovaniu splnenia podmienok, ktor\u00e9 ur\u010duje z\u00e1kon. Prv\u00fdm d\u00f4vodom na vr\u00e1tenie daru je, \u017ee obdarovan\u00fd sa spr\u00e1va k darcovi alebo k \u010dlenovi jeho rodiny tak, \u017ee t\u00fdm hrubo poru\u0161uje dobr\u00e9 mravy. Druh\u00fdm d\u00f4vodom na vr\u00e1tenie daru je pr\u00edpad ak m\u00e1 dar vady, na ktor\u00e9 darca obdarovan\u00e9ho neupozornil a teda o nich obdarovan\u00fd nevedel.<\/p>\n<p>Pokia\u013e ide o darovanie daru po\u010das man\u017eelstva, treba rozli\u0161ova\u0165 dve rie\u0161enia. V pr\u00edpade ak je dar darovan\u00fd v\u00fdslovne jedn\u00e9mu z man\u017eelov dar nadob\u00fada do v\u00fdlu\u010dn\u00e9ho vlastn\u00edctva len obdarovan\u00fd man\u017eel napriek tomu, \u017ee existuje bezpodielov\u00e9 spoluvlastn\u00edctvo man\u017eelov a be\u017ene majetok nadob\u00fadaj\u00fa do toho spoluvlastn\u00edctva. V pr\u00edpade ak s\u00fa obdarovan\u00ed v\u00fdslovne obaja man\u017eelia spolo\u010dne, dar nadob\u00fadaj\u00fa do podielov\u00e9ho spoluvlastn\u00edctva napriek tomu, \u017ee ostatn\u00fd majetok nadob\u00fadaj\u00fa do bezpodielov\u00e9ho spoluvlastn\u00edctva man\u017eelov.<\/p>\n<p><em>Trnavsko \u010d. 39, Pr\u00e1vna porad\u0148a, 03.10.2008<\/em><\/p>\n","protected":false},"excerpt":{"rendered":"<p>Darovanie. Darovanie je ve\u013emi \u010dasto pou\u017e\u00edvan\u00fd in\u0161tit\u00fat. T\u00fdka sa nie len darovania vo v\u0161eobecnosti ale i ot\u00e1zok darovania medzi pr\u00edbuzn\u00fdmi, man\u017eelmi, mo\u017enosti odmietnutia alebo vr\u00e1tenia daru \u010di neplatnosti darovacej zmluvy. V tomto \u010dl\u00e1nku sa preto stru\u010dne dotkneme najz\u00e1kladnej\u0161\u00edch a naj\u010dastej\u0161ie kladen\u00fdch ot\u00e1zok. Z\u00e1kladn\u00fdmi \u010drtami darovania je vo v\u0161eobecnosti dobrovo\u013enos\u0165 a bezplatnos\u0165, pri\u010dom bezplatnos\u0165ou rozumieme, \u017ee [&hellip;]<\/p>\n","protected":false},"author":1,"featured_media":0,"parent":18,"menu_order":90,"comment_status":"closed","ping_status":"closed","template":"","meta":{"_monsterinsights_skip_tracking":false,"_monsterinsights_sitenote_active":false,"_monsterinsights_sitenote_note":"","_monsterinsights_sitenote_category":0,"footnotes":""},"class_list":["post-223","page","type-page","status-publish","czr-hentry"],"yoast_head":"<!-- This site is optimized with the Yoast SEO plugin v27.0 - https:\/\/yoast.com\/product\/yoast-seo-wordpress\/ -->\n<title>Darovanie - \u041a\u043e\u043d\u0442\u043e\u0440\u0430 \u0434\u043e\u043a\u0442\u043e\u0440\u0430 \u044e\u0440\u0438\u0434\u0438\u0447\u0435\u0441\u043a\u0438\u0445 \u043d\u0430\u0443\u043a \u041c\u0438\u0440\u043e\u0441\u043b\u0430\u0432\u0430 \u041c\u0438\u0445\u0430\u043b\u0438\u0447\u043a\u0438<\/title>\n<meta name=\"robots\" content=\"index, follow, max-snippet:-1, max-image-preview:large, max-video-preview:-1\" \/>\n<link rel=\"canonical\" href=\"https:\/\/www.michalicka.sk\/ru\/advokatske-sluzby\/poradna-on-line\/darovanie\/\" \/>\n<meta property=\"og:locale\" content=\"ru_RU\" \/>\n<meta property=\"og:type\" content=\"article\" \/>\n<meta property=\"og:title\" content=\"Darovanie - \u041a\u043e\u043d\u0442\u043e\u0440\u0430 \u0434\u043e\u043a\u0442\u043e\u0440\u0430 \u044e\u0440\u0438\u0434\u0438\u0447\u0435\u0441\u043a\u0438\u0445 \u043d\u0430\u0443\u043a \u041c\u0438\u0440\u043e\u0441\u043b\u0430\u0432\u0430 \u041c\u0438\u0445\u0430\u043b\u0438\u0447\u043a\u0438\" \/>\n<meta property=\"og:description\" content=\"Darovanie. Darovanie je ve\u013emi \u010dasto pou\u017e\u00edvan\u00fd in\u0161tit\u00fat. T\u00fdka sa nie len darovania vo v\u0161eobecnosti ale i ot\u00e1zok darovania medzi pr\u00edbuzn\u00fdmi, man\u017eelmi, mo\u017enosti odmietnutia alebo vr\u00e1tenia daru \u010di neplatnosti darovacej zmluvy. V tomto \u010dl\u00e1nku sa preto stru\u010dne dotkneme najz\u00e1kladnej\u0161\u00edch a naj\u010dastej\u0161ie kladen\u00fdch ot\u00e1zok. Z\u00e1kladn\u00fdmi \u010drtami darovania je vo v\u0161eobecnosti dobrovo\u013enos\u0165 a bezplatnos\u0165, pri\u010dom bezplatnos\u0165ou rozumieme, \u017ee [&hellip;]\" \/>\n<meta property=\"og:url\" content=\"https:\/\/www.michalicka.sk\/ru\/advokatske-sluzby\/poradna-on-line\/darovanie\/\" \/>\n<meta property=\"og:site_name\" content=\"\u041a\u043e\u043d\u0442\u043e\u0440\u0430 \u0434\u043e\u043a\u0442\u043e\u0440\u0430 \u044e\u0440\u0438\u0434\u0438\u0447\u0435\u0441\u043a\u0438\u0445 \u043d\u0430\u0443\u043a \u041c\u0438\u0440\u043e\u0441\u043b\u0430\u0432\u0430 \u041c\u0438\u0445\u0430\u043b\u0438\u0447\u043a\u0438\" \/>\n<meta property=\"article:modified_time\" content=\"2016-07-22T12:51:42+00:00\" \/>\n<meta name=\"twitter:card\" content=\"summary_large_image\" \/>\n<meta name=\"twitter:label1\" content=\"\u041f\u0440\u0438\u043c\u0435\u0440\u043d\u043e\u0435 \u0432\u0440\u0435\u043c\u044f \u0434\u043b\u044f \u0447\u0442\u0435\u043d\u0438\u044f\" \/>\n\t<meta name=\"twitter:data1\" content=\"3 \u043c\u0438\u043d\u0443\u0442\u044b\" \/>\n<script type=\"application\/ld+json\" class=\"yoast-schema-graph\">{\"@context\":\"https:\/\/schema.org\",\"@graph\":[{\"@type\":\"WebPage\",\"@id\":\"https:\/\/www.michalicka.sk\/ru\/advokatske-sluzby\/poradna-on-line\/darovanie\/\",\"url\":\"https:\/\/www.michalicka.sk\/ru\/advokatske-sluzby\/poradna-on-line\/darovanie\/\",\"name\":\"Darovanie - \u041a\u043e\u043d\u0442\u043e\u0440\u0430 \u0434\u043e\u043a\u0442\u043e\u0440\u0430 \u044e\u0440\u0438\u0434\u0438\u0447\u0435\u0441\u043a\u0438\u0445 \u043d\u0430\u0443\u043a \u041c\u0438\u0440\u043e\u0441\u043b\u0430\u0432\u0430 \u041c\u0438\u0445\u0430\u043b\u0438\u0447\u043a\u0438\",\"isPartOf\":{\"@id\":\"https:\/\/www.michalicka.sk\/ru\/#website\"},\"datePublished\":\"2016-07-05T14:48:26+00:00\",\"dateModified\":\"2016-07-22T12:51:42+00:00\",\"breadcrumb\":{\"@id\":\"https:\/\/www.michalicka.sk\/ru\/advokatske-sluzby\/poradna-on-line\/darovanie\/#breadcrumb\"},\"inLanguage\":\"ru-RU\",\"potentialAction\":[{\"@type\":\"ReadAction\",\"target\":[[\"https:\/\/www.michalicka.sk\/ru\/advokatske-sluzby\/poradna-on-line\/darovanie\/\"]]}]},{\"@type\":\"BreadcrumbList\",\"@id\":\"https:\/\/www.michalicka.sk\/ru\/advokatske-sluzby\/poradna-on-line\/darovanie\/#breadcrumb\",\"itemListElement\":[{\"@type\":\"ListItem\",\"position\":1,\"name\":\"Domovsk\u00e1 str\u00e1nka\",\"item\":\"https:\/\/www.michalicka.sk\/ru\/\"},{\"@type\":\"ListItem\",\"position\":2,\"name\":\"Advok\u00e1tske slu\u017eby\",\"item\":\"https:\/\/www.michalicka.sk\/ru\/advokatske-sluzby\/\"},{\"@type\":\"ListItem\",\"position\":3,\"name\":\"Porad\u0148a on-line\",\"item\":\"https:\/\/www.michalicka.sk\/ru\/advokatske-sluzby\/poradna-on-line\/\"},{\"@type\":\"ListItem\",\"position\":4,\"name\":\"Darovanie\"}]},{\"@type\":\"WebSite\",\"@id\":\"https:\/\/www.michalicka.sk\/ru\/#website\",\"url\":\"https:\/\/www.michalicka.sk\/ru\/\",\"name\":\"\u041a\u043e\u043d\u0442\u043e\u0440\u0430 \u0434\u043e\u043a\u0442\u043e\u0440\u0430 \u044e\u0440\u0438\u0434\u0438\u0447\u0435\u0441\u043a\u0438\u0445 \u043d\u0430\u0443\u043a \u041c\u0438\u0440\u043e\u0441\u043b\u0430\u0432\u0430 \u041c\u0438\u0445\u0430\u043b\u0438\u0447\u043a\u0438\",\"description\":\"\u0410\u0434\u0432\u043e\u043a\u0430\u0442\u0443\u0440\u0430 \u0438 \u0430\u0440\u0431\u0438\u0442\u0440\u0430\u0436\u043d\u043e\u0435 \u0443\u043f\u0440\u0430\u0432\u043b\u0435\u043d\u0438\u0435\",\"potentialAction\":[{\"@type\":\"SearchAction\",\"target\":{\"@type\":\"EntryPoint\",\"urlTemplate\":\"https:\/\/www.michalicka.sk\/ru\/?s={search_term_string}\"},\"query-input\":{\"@type\":\"PropertyValueSpecification\",\"valueRequired\":true,\"valueName\":\"search_term_string\"}}],\"inLanguage\":\"ru-RU\"}]}<\/script>\n<!-- \/ Yoast SEO plugin. -->","yoast_head_json":{"title":"Darovanie - \u041a\u043e\u043d\u0442\u043e\u0440\u0430 \u0434\u043e\u043a\u0442\u043e\u0440\u0430 \u044e\u0440\u0438\u0434\u0438\u0447\u0435\u0441\u043a\u0438\u0445 \u043d\u0430\u0443\u043a \u041c\u0438\u0440\u043e\u0441\u043b\u0430\u0432\u0430 \u041c\u0438\u0445\u0430\u043b\u0438\u0447\u043a\u0438","robots":{"index":"index","follow":"follow","max-snippet":"max-snippet:-1","max-image-preview":"max-image-preview:large","max-video-preview":"max-video-preview:-1"},"canonical":"https:\/\/www.michalicka.sk\/ru\/advokatske-sluzby\/poradna-on-line\/darovanie\/","og_locale":"ru_RU","og_type":"article","og_title":"Darovanie - \u041a\u043e\u043d\u0442\u043e\u0440\u0430 \u0434\u043e\u043a\u0442\u043e\u0440\u0430 \u044e\u0440\u0438\u0434\u0438\u0447\u0435\u0441\u043a\u0438\u0445 \u043d\u0430\u0443\u043a \u041c\u0438\u0440\u043e\u0441\u043b\u0430\u0432\u0430 \u041c\u0438\u0445\u0430\u043b\u0438\u0447\u043a\u0438","og_description":"Darovanie. Darovanie je ve\u013emi \u010dasto pou\u017e\u00edvan\u00fd in\u0161tit\u00fat. T\u00fdka sa nie len darovania vo v\u0161eobecnosti ale i ot\u00e1zok darovania medzi pr\u00edbuzn\u00fdmi, man\u017eelmi, mo\u017enosti odmietnutia alebo vr\u00e1tenia daru \u010di neplatnosti darovacej zmluvy. V tomto \u010dl\u00e1nku sa preto stru\u010dne dotkneme najz\u00e1kladnej\u0161\u00edch a naj\u010dastej\u0161ie kladen\u00fdch ot\u00e1zok. Z\u00e1kladn\u00fdmi \u010drtami darovania je vo v\u0161eobecnosti dobrovo\u013enos\u0165 a bezplatnos\u0165, pri\u010dom bezplatnos\u0165ou rozumieme, \u017ee [&hellip;]","og_url":"https:\/\/www.michalicka.sk\/ru\/advokatske-sluzby\/poradna-on-line\/darovanie\/","og_site_name":"\u041a\u043e\u043d\u0442\u043e\u0440\u0430 \u0434\u043e\u043a\u0442\u043e\u0440\u0430 \u044e\u0440\u0438\u0434\u0438\u0447\u0435\u0441\u043a\u0438\u0445 \u043d\u0430\u0443\u043a \u041c\u0438\u0440\u043e\u0441\u043b\u0430\u0432\u0430 \u041c\u0438\u0445\u0430\u043b\u0438\u0447\u043a\u0438","article_modified_time":"2016-07-22T12:51:42+00:00","twitter_card":"summary_large_image","twitter_misc":{"\u041f\u0440\u0438\u043c\u0435\u0440\u043d\u043e\u0435 \u0432\u0440\u0435\u043c\u044f \u0434\u043b\u044f \u0447\u0442\u0435\u043d\u0438\u044f":"3 \u043c\u0438\u043d\u0443\u0442\u044b"},"schema":{"@context":"https:\/\/schema.org","@graph":[{"@type":"WebPage","@id":"https:\/\/www.michalicka.sk\/ru\/advokatske-sluzby\/poradna-on-line\/darovanie\/","url":"https:\/\/www.michalicka.sk\/ru\/advokatske-sluzby\/poradna-on-line\/darovanie\/","name":"Darovanie - \u041a\u043e\u043d\u0442\u043e\u0440\u0430 \u0434\u043e\u043a\u0442\u043e\u0440\u0430 \u044e\u0440\u0438\u0434\u0438\u0447\u0435\u0441\u043a\u0438\u0445 \u043d\u0430\u0443\u043a \u041c\u0438\u0440\u043e\u0441\u043b\u0430\u0432\u0430 \u041c\u0438\u0445\u0430\u043b\u0438\u0447\u043a\u0438","isPartOf":{"@id":"https:\/\/www.michalicka.sk\/ru\/#website"},"datePublished":"2016-07-05T14:48:26+00:00","dateModified":"2016-07-22T12:51:42+00:00","breadcrumb":{"@id":"https:\/\/www.michalicka.sk\/ru\/advokatske-sluzby\/poradna-on-line\/darovanie\/#breadcrumb"},"inLanguage":"ru-RU","potentialAction":[{"@type":"ReadAction","target":[["https:\/\/www.michalicka.sk\/ru\/advokatske-sluzby\/poradna-on-line\/darovanie\/"]]}]},{"@type":"BreadcrumbList","@id":"https:\/\/www.michalicka.sk\/ru\/advokatske-sluzby\/poradna-on-line\/darovanie\/#breadcrumb","itemListElement":[{"@type":"ListItem","position":1,"name":"Domovsk\u00e1 str\u00e1nka","item":"https:\/\/www.michalicka.sk\/ru\/"},{"@type":"ListItem","position":2,"name":"Advok\u00e1tske slu\u017eby","item":"https:\/\/www.michalicka.sk\/ru\/advokatske-sluzby\/"},{"@type":"ListItem","position":3,"name":"Porad\u0148a on-line","item":"https:\/\/www.michalicka.sk\/ru\/advokatske-sluzby\/poradna-on-line\/"},{"@type":"ListItem","position":4,"name":"Darovanie"}]},{"@type":"WebSite","@id":"https:\/\/www.michalicka.sk\/ru\/#website","url":"https:\/\/www.michalicka.sk\/ru\/","name":"\u041a\u043e\u043d\u0442\u043e\u0440\u0430 \u0434\u043e\u043a\u0442\u043e\u0440\u0430 \u044e\u0440\u0438\u0434\u0438\u0447\u0435\u0441\u043a\u0438\u0445 \u043d\u0430\u0443\u043a \u041c\u0438\u0440\u043e\u0441\u043b\u0430\u0432\u0430 \u041c\u0438\u0445\u0430\u043b\u0438\u0447\u043a\u0438","description":"\u0410\u0434\u0432\u043e\u043a\u0430\u0442\u0443\u0440\u0430 \u0438 \u0430\u0440\u0431\u0438\u0442\u0440\u0430\u0436\u043d\u043e\u0435 \u0443\u043f\u0440\u0430\u0432\u043b\u0435\u043d\u0438\u0435","potentialAction":[{"@type":"SearchAction","target":{"@type":"EntryPoint","urlTemplate":"https:\/\/www.michalicka.sk\/ru\/?s={search_term_string}"},"query-input":{"@type":"PropertyValueSpecification","valueRequired":true,"valueName":"search_term_string"}}],"inLanguage":"ru-RU"}]}},"_links":{"self":[{"href":"https:\/\/www.michalicka.sk\/ru\/wp-json\/wp\/v2\/pages\/223","targetHints":{"allow":["GET"]}}],"collection":[{"href":"https:\/\/www.michalicka.sk\/ru\/wp-json\/wp\/v2\/pages"}],"about":[{"href":"https:\/\/www.michalicka.sk\/ru\/wp-json\/wp\/v2\/types\/page"}],"author":[{"embeddable":true,"href":"https:\/\/www.michalicka.sk\/ru\/wp-json\/wp\/v2\/users\/1"}],"replies":[{"embeddable":true,"href":"https:\/\/www.michalicka.sk\/ru\/wp-json\/wp\/v2\/comments?post=223"}],"version-history":[{"count":2,"href":"https:\/\/www.michalicka.sk\/ru\/wp-json\/wp\/v2\/pages\/223\/revisions"}],"predecessor-version":[{"id":266,"href":"https:\/\/www.michalicka.sk\/ru\/wp-json\/wp\/v2\/pages\/223\/revisions\/266"}],"up":[{"embeddable":true,"href":"https:\/\/www.michalicka.sk\/ru\/wp-json\/wp\/v2\/pages\/18"}],"wp:attachment":[{"href":"https:\/\/www.michalicka.sk\/ru\/wp-json\/wp\/v2\/media?parent=223"}],"curies":[{"name":"wp","href":"https:\/\/api.w.org\/{rel}","templated":true}]}}