{"id":217,"date":"2016-07-05T14:45:46","date_gmt":"2016-07-05T14:45:46","guid":{"rendered":"http:\/\/michalicka.sk\/?page_id=217"},"modified":"2016-07-22T12:51:10","modified_gmt":"2016-07-22T12:51:10","slug":"bremeno-2","status":"publish","type":"page","link":"https:\/\/www.michalicka.sk\/ru\/advokatske-sluzby\/poradna-on-line\/bremeno-2\/","title":{"rendered":"Bremeno 2"},"content":{"rendered":"<h1>Ako upravi\u0165 vecn\u00e9ho bremeno prechodu.<\/h1>\n<p>Vzh\u013eadom na to, \u017ee sme obdr\u017eali od na\u0161ich \u010ditate\u013eov viacero ot\u00e1zok na t\u00e9mu vecn\u00fdch bremien, rozhodli sme sa v tejto t\u00e9me pokra\u010dova\u0165 a na niektor\u00e9 ot\u00e1zky reagujeme.<\/p>\n<p>Stali sme sa s man\u017eelom vlastn\u00edkmi nehnute\u013enosti, ktor\u00e1 m\u00e1 na sebe \u0165archu: Vecn\u00e9 bremeno &#8212; pr\u00e1vo prechodu cez parcelu na ved\u013eaj\u0161iu parcelu. M\u00f4\u017eete vysvetli\u0165, \u010do tento pojem znamen\u00e1? Je rozdiel medzi pr\u00e1vom prechodu a pr\u00e1vom prejazdu?<\/p>\n<p>Vecn\u00e9 bremeno sa zria\u010fuje zmluvou, rozhodnut\u00edm s\u00fadu, zo z\u00e1kona, z\u00e1vetom, dohodou dedi\u010dov v dedi\u010dskom konan\u00ed alebo vecn\u00e9 bremeno je mo\u017en\u00e9 dlhodob\u00fdm dobromyse\u013en\u00fdm u\u017e\u00edvan\u00edm nehnute\u013enosti vydr\u017ea\u0165. Preto je potrebn\u00e9 v prvom rade vych\u00e1dza\u0165 z toho, ak\u00fdm sp\u00f4sobom bolo toto vecn\u00e9 bremeno zriaden\u00e9 a ako je konkr\u00e9tne ustanovenie vecn\u00e9ho bremena formulovan\u00e9. V pr\u00edpade, \u017ee ustanovenie obsahuje len spomenut\u00e9 vecn\u00e9 bremeno prechodu pe\u0161i a \u017eiadne in\u00e9 pr\u00e1vo, patr\u00ed opr\u00e1vnen\u00e9mu pr\u00e1vo prechodu pe\u0161i cez pozemok povinn\u00e9ho. Ak v\u00fdslovne nie je ustanoven\u00e9 inak, nie je opr\u00e1vnen\u00fd cez pozemok povinn\u00e9ho jazdi\u0165 \u017eiadnym dopravn\u00fdm prostriedkom.<\/p>\n<p>Je mo\u017en\u00e9, ak cez n\u00e1\u0161 pozemok mus\u00edme na z\u00e1klade bremena umo\u017eni\u0165 prechod, vymedzi\u0165 uli\u010dku, cez ktor\u00fa sa tam opr\u00e1vnen\u00e1 osoba dostane?<\/p>\n<p>Ak nie je ustanoven\u00e9 inak patr\u00ed opr\u00e1vnen\u00e9mu pr\u00e1vo prechodu cez pozemok v celej jeho \u0161\u00edrke a d\u013a\u017eke. To znamen\u00e1, \u017ee ak v ustanoven\u00ed nie je uveden\u00e9 bli\u017e\u0161ie vymedzenie priestoru v r\u00e1mci pozemku, po ktorom je opr\u00e1vnen\u00fd pe\u0161o prech\u00e1dza\u0165 z pr\u00e1vneho h\u013eadiska plat\u00ed, \u017ee je opr\u00e1vnen\u00fd prech\u00e1dza\u0165 po celom pozemku. Tu je v\u0161ak potrebn\u00e9 h\u013eadie\u0165 z\u00e1rove\u0148 na technick\u00e9 po\u017eiadavky opr\u00e1vnen\u00e9ho a vzh\u013eadom k nim by bolo mo\u017en\u00e9 prechod opr\u00e1vnen\u00e9ho po pozemku \u201eupravi\u0165\u201c. Je potrebn\u00e9 h\u013eadie\u0165 na to, ak\u00fd skuto\u010dn\u00fd v\u00fdznam m\u00e1 vecn\u00e9 bremeno. Jeho v\u00fdznam je v pr\u00edstupe pe\u0161o k nehnute\u013enosti, nie v \u201eprech\u00e1dzkach po susedovej z\u00e1hrade\u201c.<\/p>\n<p>M\u00e1me v pl\u00e1ne na na\u0161om pozemku vytvori\u0165 oploten\u00edm asi metrov\u00fa uli\u010dku, kadia\u013e bude pr\u00edstup na ich pozemok a z\u00e1rove\u0148 nebud\u00fa prech\u00e1dza\u0165 priamo cez n\u00e1\u0161 dvor. Existuj\u00fa nejak\u00e9 pravidla tak\u00e9hoto bremena? Neporu\u0161\u00edme t\u00fdm nejak\u00fd z\u00e1kon?<\/p>\n<p>Je mo\u017en\u00e9 technicky upravi\u0165 pr\u00edstupov\u00fa cestu cez pozemok povinn\u00e9ho pre opr\u00e1vnen\u00e9ho tak\u00fdm sp\u00f4sobom, aby mu \u010do najlep\u0161ie vyhovovala pre pr\u00edstup na pozemok. T\u00fdm sa nemysl\u00ed, \u017ee mus\u00ed by\u0165 najkrat\u0161ia, ale to, \u017ee pri prechode po nej a pri jej vy\u00fasten\u00ed na pozemok opr\u00e1vnen\u00e9ho, nem\u00f4\u017ee by\u0165 pr\u00e1vo opr\u00e1vnen\u00e9ho ani najmenej obmedzen\u00e9.<\/p>\n<p>Povinn\u00fd z vecn\u00e9ho bremena zn\u00e1\u0161a svoje povinnosti po cel\u00fa dobu existencie vecn\u00e9ho bremena. Ak teda d\u00f4jde k zmen\u00e1m na pozemku opr\u00e1vnen\u00e9ho, ktor\u00e9 si z\u00e1rove\u0148 vy\u017eiadaj\u00fa \u00fapravu pr\u00edstupu cez pozemok povinn\u00e9ho, je potrebn\u00e9 h\u013eadie\u0165 na to, \u017ee opr\u00e1vnen\u00fd m\u00e1 pr\u00e1vo na prechod po pozemku povinn\u00e9ho v celej jeho \u0161\u00edrke a d\u013a\u017eke.<\/p>\n<p>Opr\u00e1vnen\u00fd nem\u00f4\u017ee svojim prechodom po pozemku povinn\u00e9ho nad mieru obmedzi\u0165 povinn\u00e9ho na jeho pr\u00e1vach.<\/p>\n<p><em>Trnavsko \u010d. 36, Pr\u00e1vna porad\u0148a, 12.09.2008<\/em><\/p>\n","protected":false},"excerpt":{"rendered":"<p>Ako upravi\u0165 vecn\u00e9ho bremeno prechodu. Vzh\u013eadom na to, \u017ee sme obdr\u017eali od na\u0161ich \u010ditate\u013eov viacero ot\u00e1zok na t\u00e9mu vecn\u00fdch bremien, rozhodli sme sa v tejto t\u00e9me pokra\u010dova\u0165 a na niektor\u00e9 ot\u00e1zky reagujeme. Stali sme sa s man\u017eelom vlastn\u00edkmi nehnute\u013enosti, ktor\u00e1 m\u00e1 na sebe \u0165archu: Vecn\u00e9 bremeno &#8212; pr\u00e1vo prechodu cez parcelu na ved\u013eaj\u0161iu parcelu. M\u00f4\u017eete [&hellip;]<\/p>\n","protected":false},"author":1,"featured_media":0,"parent":18,"menu_order":60,"comment_status":"closed","ping_status":"closed","template":"","meta":{"_monsterinsights_skip_tracking":false,"_monsterinsights_sitenote_active":false,"_monsterinsights_sitenote_note":"","_monsterinsights_sitenote_category":0,"footnotes":""},"class_list":["post-217","page","type-page","status-publish","czr-hentry"],"yoast_head":"<!-- This site is optimized with the Yoast SEO plugin v27.0 - https:\/\/yoast.com\/product\/yoast-seo-wordpress\/ -->\n<title>Bremeno 2 - \u041a\u043e\u043d\u0442\u043e\u0440\u0430 \u0434\u043e\u043a\u0442\u043e\u0440\u0430 \u044e\u0440\u0438\u0434\u0438\u0447\u0435\u0441\u043a\u0438\u0445 \u043d\u0430\u0443\u043a \u041c\u0438\u0440\u043e\u0441\u043b\u0430\u0432\u0430 \u041c\u0438\u0445\u0430\u043b\u0438\u0447\u043a\u0438<\/title>\n<meta name=\"robots\" content=\"index, follow, max-snippet:-1, max-image-preview:large, max-video-preview:-1\" \/>\n<link rel=\"canonical\" href=\"https:\/\/www.michalicka.sk\/ru\/advokatske-sluzby\/poradna-on-line\/bremeno-2\/\" \/>\n<meta property=\"og:locale\" content=\"ru_RU\" \/>\n<meta property=\"og:type\" content=\"article\" \/>\n<meta property=\"og:title\" content=\"Bremeno 2 - \u041a\u043e\u043d\u0442\u043e\u0440\u0430 \u0434\u043e\u043a\u0442\u043e\u0440\u0430 \u044e\u0440\u0438\u0434\u0438\u0447\u0435\u0441\u043a\u0438\u0445 \u043d\u0430\u0443\u043a \u041c\u0438\u0440\u043e\u0441\u043b\u0430\u0432\u0430 \u041c\u0438\u0445\u0430\u043b\u0438\u0447\u043a\u0438\" \/>\n<meta property=\"og:description\" content=\"Ako upravi\u0165 vecn\u00e9ho bremeno prechodu. Vzh\u013eadom na to, \u017ee sme obdr\u017eali od na\u0161ich \u010ditate\u013eov viacero ot\u00e1zok na t\u00e9mu vecn\u00fdch bremien, rozhodli sme sa v tejto t\u00e9me pokra\u010dova\u0165 a na niektor\u00e9 ot\u00e1zky reagujeme. Stali sme sa s man\u017eelom vlastn\u00edkmi nehnute\u013enosti, ktor\u00e1 m\u00e1 na sebe \u0165archu: Vecn\u00e9 bremeno &#8212; pr\u00e1vo prechodu cez parcelu na ved\u013eaj\u0161iu parcelu. M\u00f4\u017eete [&hellip;]\" \/>\n<meta property=\"og:url\" content=\"https:\/\/www.michalicka.sk\/ru\/advokatske-sluzby\/poradna-on-line\/bremeno-2\/\" \/>\n<meta property=\"og:site_name\" content=\"\u041a\u043e\u043d\u0442\u043e\u0440\u0430 \u0434\u043e\u043a\u0442\u043e\u0440\u0430 \u044e\u0440\u0438\u0434\u0438\u0447\u0435\u0441\u043a\u0438\u0445 \u043d\u0430\u0443\u043a \u041c\u0438\u0440\u043e\u0441\u043b\u0430\u0432\u0430 \u041c\u0438\u0445\u0430\u043b\u0438\u0447\u043a\u0438\" \/>\n<meta property=\"article:modified_time\" content=\"2016-07-22T12:51:10+00:00\" \/>\n<meta name=\"twitter:card\" content=\"summary_large_image\" \/>\n<meta name=\"twitter:label1\" content=\"\u041f\u0440\u0438\u043c\u0435\u0440\u043d\u043e\u0435 \u0432\u0440\u0435\u043c\u044f \u0434\u043b\u044f \u0447\u0442\u0435\u043d\u0438\u044f\" \/>\n\t<meta name=\"twitter:data1\" content=\"3 \u043c\u0438\u043d\u0443\u0442\u044b\" \/>\n<script type=\"application\/ld+json\" class=\"yoast-schema-graph\">{\"@context\":\"https:\/\/schema.org\",\"@graph\":[{\"@type\":\"WebPage\",\"@id\":\"https:\/\/www.michalicka.sk\/ru\/advokatske-sluzby\/poradna-on-line\/bremeno-2\/\",\"url\":\"https:\/\/www.michalicka.sk\/ru\/advokatske-sluzby\/poradna-on-line\/bremeno-2\/\",\"name\":\"Bremeno 2 - \u041a\u043e\u043d\u0442\u043e\u0440\u0430 \u0434\u043e\u043a\u0442\u043e\u0440\u0430 \u044e\u0440\u0438\u0434\u0438\u0447\u0435\u0441\u043a\u0438\u0445 \u043d\u0430\u0443\u043a \u041c\u0438\u0440\u043e\u0441\u043b\u0430\u0432\u0430 \u041c\u0438\u0445\u0430\u043b\u0438\u0447\u043a\u0438\",\"isPartOf\":{\"@id\":\"https:\/\/www.michalicka.sk\/ru\/#website\"},\"datePublished\":\"2016-07-05T14:45:46+00:00\",\"dateModified\":\"2016-07-22T12:51:10+00:00\",\"breadcrumb\":{\"@id\":\"https:\/\/www.michalicka.sk\/ru\/advokatske-sluzby\/poradna-on-line\/bremeno-2\/#breadcrumb\"},\"inLanguage\":\"ru-RU\",\"potentialAction\":[{\"@type\":\"ReadAction\",\"target\":[[\"https:\/\/www.michalicka.sk\/ru\/advokatske-sluzby\/poradna-on-line\/bremeno-2\/\"]]}]},{\"@type\":\"BreadcrumbList\",\"@id\":\"https:\/\/www.michalicka.sk\/ru\/advokatske-sluzby\/poradna-on-line\/bremeno-2\/#breadcrumb\",\"itemListElement\":[{\"@type\":\"ListItem\",\"position\":1,\"name\":\"Domovsk\u00e1 str\u00e1nka\",\"item\":\"https:\/\/www.michalicka.sk\/ru\/\"},{\"@type\":\"ListItem\",\"position\":2,\"name\":\"Advok\u00e1tske slu\u017eby\",\"item\":\"https:\/\/www.michalicka.sk\/ru\/advokatske-sluzby\/\"},{\"@type\":\"ListItem\",\"position\":3,\"name\":\"Porad\u0148a on-line\",\"item\":\"https:\/\/www.michalicka.sk\/ru\/advokatske-sluzby\/poradna-on-line\/\"},{\"@type\":\"ListItem\",\"position\":4,\"name\":\"Bremeno 2\"}]},{\"@type\":\"WebSite\",\"@id\":\"https:\/\/www.michalicka.sk\/ru\/#website\",\"url\":\"https:\/\/www.michalicka.sk\/ru\/\",\"name\":\"\u041a\u043e\u043d\u0442\u043e\u0440\u0430 \u0434\u043e\u043a\u0442\u043e\u0440\u0430 \u044e\u0440\u0438\u0434\u0438\u0447\u0435\u0441\u043a\u0438\u0445 \u043d\u0430\u0443\u043a \u041c\u0438\u0440\u043e\u0441\u043b\u0430\u0432\u0430 \u041c\u0438\u0445\u0430\u043b\u0438\u0447\u043a\u0438\",\"description\":\"\u0410\u0434\u0432\u043e\u043a\u0430\u0442\u0443\u0440\u0430 \u0438 \u0430\u0440\u0431\u0438\u0442\u0440\u0430\u0436\u043d\u043e\u0435 \u0443\u043f\u0440\u0430\u0432\u043b\u0435\u043d\u0438\u0435\",\"potentialAction\":[{\"@type\":\"SearchAction\",\"target\":{\"@type\":\"EntryPoint\",\"urlTemplate\":\"https:\/\/www.michalicka.sk\/ru\/?s={search_term_string}\"},\"query-input\":{\"@type\":\"PropertyValueSpecification\",\"valueRequired\":true,\"valueName\":\"search_term_string\"}}],\"inLanguage\":\"ru-RU\"}]}<\/script>\n<!-- \/ Yoast SEO plugin. -->","yoast_head_json":{"title":"Bremeno 2 - \u041a\u043e\u043d\u0442\u043e\u0440\u0430 \u0434\u043e\u043a\u0442\u043e\u0440\u0430 \u044e\u0440\u0438\u0434\u0438\u0447\u0435\u0441\u043a\u0438\u0445 \u043d\u0430\u0443\u043a \u041c\u0438\u0440\u043e\u0441\u043b\u0430\u0432\u0430 \u041c\u0438\u0445\u0430\u043b\u0438\u0447\u043a\u0438","robots":{"index":"index","follow":"follow","max-snippet":"max-snippet:-1","max-image-preview":"max-image-preview:large","max-video-preview":"max-video-preview:-1"},"canonical":"https:\/\/www.michalicka.sk\/ru\/advokatske-sluzby\/poradna-on-line\/bremeno-2\/","og_locale":"ru_RU","og_type":"article","og_title":"Bremeno 2 - \u041a\u043e\u043d\u0442\u043e\u0440\u0430 \u0434\u043e\u043a\u0442\u043e\u0440\u0430 \u044e\u0440\u0438\u0434\u0438\u0447\u0435\u0441\u043a\u0438\u0445 \u043d\u0430\u0443\u043a \u041c\u0438\u0440\u043e\u0441\u043b\u0430\u0432\u0430 \u041c\u0438\u0445\u0430\u043b\u0438\u0447\u043a\u0438","og_description":"Ako upravi\u0165 vecn\u00e9ho bremeno prechodu. Vzh\u013eadom na to, \u017ee sme obdr\u017eali od na\u0161ich \u010ditate\u013eov viacero ot\u00e1zok na t\u00e9mu vecn\u00fdch bremien, rozhodli sme sa v tejto t\u00e9me pokra\u010dova\u0165 a na niektor\u00e9 ot\u00e1zky reagujeme. Stali sme sa s man\u017eelom vlastn\u00edkmi nehnute\u013enosti, ktor\u00e1 m\u00e1 na sebe \u0165archu: Vecn\u00e9 bremeno &#8212; pr\u00e1vo prechodu cez parcelu na ved\u013eaj\u0161iu parcelu. M\u00f4\u017eete [&hellip;]","og_url":"https:\/\/www.michalicka.sk\/ru\/advokatske-sluzby\/poradna-on-line\/bremeno-2\/","og_site_name":"\u041a\u043e\u043d\u0442\u043e\u0440\u0430 \u0434\u043e\u043a\u0442\u043e\u0440\u0430 \u044e\u0440\u0438\u0434\u0438\u0447\u0435\u0441\u043a\u0438\u0445 \u043d\u0430\u0443\u043a \u041c\u0438\u0440\u043e\u0441\u043b\u0430\u0432\u0430 \u041c\u0438\u0445\u0430\u043b\u0438\u0447\u043a\u0438","article_modified_time":"2016-07-22T12:51:10+00:00","twitter_card":"summary_large_image","twitter_misc":{"\u041f\u0440\u0438\u043c\u0435\u0440\u043d\u043e\u0435 \u0432\u0440\u0435\u043c\u044f \u0434\u043b\u044f \u0447\u0442\u0435\u043d\u0438\u044f":"3 \u043c\u0438\u043d\u0443\u0442\u044b"},"schema":{"@context":"https:\/\/schema.org","@graph":[{"@type":"WebPage","@id":"https:\/\/www.michalicka.sk\/ru\/advokatske-sluzby\/poradna-on-line\/bremeno-2\/","url":"https:\/\/www.michalicka.sk\/ru\/advokatske-sluzby\/poradna-on-line\/bremeno-2\/","name":"Bremeno 2 - \u041a\u043e\u043d\u0442\u043e\u0440\u0430 \u0434\u043e\u043a\u0442\u043e\u0440\u0430 \u044e\u0440\u0438\u0434\u0438\u0447\u0435\u0441\u043a\u0438\u0445 \u043d\u0430\u0443\u043a \u041c\u0438\u0440\u043e\u0441\u043b\u0430\u0432\u0430 \u041c\u0438\u0445\u0430\u043b\u0438\u0447\u043a\u0438","isPartOf":{"@id":"https:\/\/www.michalicka.sk\/ru\/#website"},"datePublished":"2016-07-05T14:45:46+00:00","dateModified":"2016-07-22T12:51:10+00:00","breadcrumb":{"@id":"https:\/\/www.michalicka.sk\/ru\/advokatske-sluzby\/poradna-on-line\/bremeno-2\/#breadcrumb"},"inLanguage":"ru-RU","potentialAction":[{"@type":"ReadAction","target":[["https:\/\/www.michalicka.sk\/ru\/advokatske-sluzby\/poradna-on-line\/bremeno-2\/"]]}]},{"@type":"BreadcrumbList","@id":"https:\/\/www.michalicka.sk\/ru\/advokatske-sluzby\/poradna-on-line\/bremeno-2\/#breadcrumb","itemListElement":[{"@type":"ListItem","position":1,"name":"Domovsk\u00e1 str\u00e1nka","item":"https:\/\/www.michalicka.sk\/ru\/"},{"@type":"ListItem","position":2,"name":"Advok\u00e1tske slu\u017eby","item":"https:\/\/www.michalicka.sk\/ru\/advokatske-sluzby\/"},{"@type":"ListItem","position":3,"name":"Porad\u0148a on-line","item":"https:\/\/www.michalicka.sk\/ru\/advokatske-sluzby\/poradna-on-line\/"},{"@type":"ListItem","position":4,"name":"Bremeno 2"}]},{"@type":"WebSite","@id":"https:\/\/www.michalicka.sk\/ru\/#website","url":"https:\/\/www.michalicka.sk\/ru\/","name":"\u041a\u043e\u043d\u0442\u043e\u0440\u0430 \u0434\u043e\u043a\u0442\u043e\u0440\u0430 \u044e\u0440\u0438\u0434\u0438\u0447\u0435\u0441\u043a\u0438\u0445 \u043d\u0430\u0443\u043a \u041c\u0438\u0440\u043e\u0441\u043b\u0430\u0432\u0430 \u041c\u0438\u0445\u0430\u043b\u0438\u0447\u043a\u0438","description":"\u0410\u0434\u0432\u043e\u043a\u0430\u0442\u0443\u0440\u0430 \u0438 \u0430\u0440\u0431\u0438\u0442\u0440\u0430\u0436\u043d\u043e\u0435 \u0443\u043f\u0440\u0430\u0432\u043b\u0435\u043d\u0438\u0435","potentialAction":[{"@type":"SearchAction","target":{"@type":"EntryPoint","urlTemplate":"https:\/\/www.michalicka.sk\/ru\/?s={search_term_string}"},"query-input":{"@type":"PropertyValueSpecification","valueRequired":true,"valueName":"search_term_string"}}],"inLanguage":"ru-RU"}]}},"_links":{"self":[{"href":"https:\/\/www.michalicka.sk\/ru\/wp-json\/wp\/v2\/pages\/217","targetHints":{"allow":["GET"]}}],"collection":[{"href":"https:\/\/www.michalicka.sk\/ru\/wp-json\/wp\/v2\/pages"}],"about":[{"href":"https:\/\/www.michalicka.sk\/ru\/wp-json\/wp\/v2\/types\/page"}],"author":[{"embeddable":true,"href":"https:\/\/www.michalicka.sk\/ru\/wp-json\/wp\/v2\/users\/1"}],"replies":[{"embeddable":true,"href":"https:\/\/www.michalicka.sk\/ru\/wp-json\/wp\/v2\/comments?post=217"}],"version-history":[{"count":2,"href":"https:\/\/www.michalicka.sk\/ru\/wp-json\/wp\/v2\/pages\/217\/revisions"}],"predecessor-version":[{"id":263,"href":"https:\/\/www.michalicka.sk\/ru\/wp-json\/wp\/v2\/pages\/217\/revisions\/263"}],"up":[{"embeddable":true,"href":"https:\/\/www.michalicka.sk\/ru\/wp-json\/wp\/v2\/pages\/18"}],"wp:attachment":[{"href":"https:\/\/www.michalicka.sk\/ru\/wp-json\/wp\/v2\/media?parent=217"}],"curies":[{"name":"wp","href":"https:\/\/api.w.org\/{rel}","templated":true}]}}