{"id":213,"date":"2016-07-05T14:44:20","date_gmt":"2016-07-05T14:44:20","guid":{"rendered":"http:\/\/michalicka.sk\/?page_id=213"},"modified":"2016-07-22T12:50:56","modified_gmt":"2016-07-22T12:50:56","slug":"spoluvlastnictvo-2","status":"publish","type":"page","link":"https:\/\/www.michalicka.sk\/ru\/advokatske-sluzby\/poradna-on-line\/spoluvlastnictvo-2\/","title":{"rendered":"Spoluvlastn\u00edctvo 2"},"content":{"rendered":"<h1>D\u00e1 sa bezpodielov\u00e9 spoluvlastn\u00edctvo man\u017eelov po\u010das man\u017eelstva zru\u0161i\u0165 alebo upravi\u0165?<\/h1>\n<p>Bezpodielov\u00e9 spoluvlastn\u00edctvo man\u017eelov (\u201eBSM\u201c) vznik\u00e1 uzavret\u00edm man\u017eelstva. Majetok ktor\u00fd nadobudli man\u017eelia pred uzavret\u00edm man\u017eelstva patr\u00ed do v\u00fdlu\u010dn\u00e9ho vlastn\u00edctva ka\u017ed\u00e9ho z man\u017eelov. Majetok, ktor\u00fd nadobudne ktor\u00fdko\u013evek z man\u017eelov po\u010das man\u017eelstva patr\u00ed do BSM. Z tejto z\u00e1sady existuje nieko\u013eko v\u00fdnimiek, je to darovanie jedn\u00e9mu z man\u017eelov, nadobudnutie vlastn\u00edctva jedn\u00e9ho z man\u017eelov deden\u00edm, autorsk\u00e9 pr\u00e1va, re\u0161tit\u00facie a veci sl\u00fa\u017eiace osobnej potrebe a na v\u00fdkon povolania jedn\u00e9ho z man\u017eelov. BSM je in\u0161tit\u00fat, v ktorom obaja man\u017eelia vlastnia majetok bez ur\u010den\u00fdch podielov. Subjektmi BSM m\u00f4\u017eu by\u0165 len man\u017eelia.<\/p>\n<p>Z\u00e1kon upravuje mo\u017enos\u0165 dohodou modifikova\u0165 (z\u00fa\u017ei\u0165 alebo roz\u0161\u00edri\u0165) BSM. Od z\u00e1konnej \u00fapravy sa m\u00f4\u017ee \u00faprava BSM odch\u00fdli\u0165 len v nasledovn\u00fdch pr\u00edpadoch. Man\u017eelia m\u00f4\u017eu dohodou vymedzi\u0165 rozsah BSM tak, \u017ee tento m\u00f4\u017eu roz\u0161\u00edri\u0165 (do BSM zahrn\u00fa aj majetok, ktor\u00fd by inak patril do ich v\u00fdlu\u010dn\u00e9ho vlastn\u00edctva) alebo z\u00fa\u017ei\u0165 (napr\u00edklad sa man\u017eelia m\u00f4\u017eu dohodn\u00fa\u0165, \u017ee nehnute\u013enos\u0165 nadobudne do v\u00fdlu\u010dn\u00e9ho vlastn\u00edctva iba jeden z man\u017eelov). Man\u017eelia si m\u00f4\u017eu odch\u00fdlnym sp\u00f4sobom upravi\u0165 spr\u00e1vu spolo\u010dn\u00e9ho majetku (spolo\u010dn\u00fd majetok bude spravova\u0165 iba jeden z man\u017eelov alebo, \u017ee v\u0161etok majetok bud\u00fa spravova\u0165 spolo\u010dne). Man\u017eelia sa \u010falej m\u00f4\u017eu dohodn\u00fa\u0165 o tom, \u017ee BSM vznikne a\u017e ku d\u0148u z\u00e1niku BSM (dovtedy nadob\u00fadaj\u00fa obaja man\u017eelia v\u0161etko do v\u00fdlu\u010dn\u00e9ho vlastn\u00edctva). Tieto dohody si pre svoju platnos\u0165 vy\u017eaduj\u00fa formu not\u00e1rskej z\u00e1pisnice a uzavret\u00e9 musia by\u0165 pred nadobudnut\u00edm predmetn\u00e9ho majetku.BSM zanik\u00e1 predov\u0161etk\u00fdm z\u00e1nikom man\u017eelstva. V\u00fdnimo\u010dne m\u00f4\u017ee BSM zanikn\u00fa\u0165 za trvania man\u017eelstva. Na n\u00e1vrh jedn\u00e9ho z man\u017eelov m\u00f4\u017ee s\u00fad BSM zru\u0161i\u0165, ak existuj\u00fa z\u00e1va\u017en\u00e9 d\u00f4vody poru\u0161ovania dobr\u00fdch mravov. Druh\u00fdm d\u00f4vodom pre zru\u0161enie BSM po\u010das trvania man\u017eelstva je to, \u017ee jeden z man\u017eelov z\u00edskal opr\u00e1vnenie na podnikate\u013esk\u00fa \u010dinnos\u0165. V oboch pr\u00edpadoch je samozrejme potrebn\u00fd n\u00e1vrh na s\u00fad, v ktorom sa po\u017eaduje zru\u0161enie BSM po\u010das man\u017eelstva.BSM m\u00f4\u017ee zanikn\u00fa\u0165 priamo zo z\u00e1kona (bez rozhodnutia s\u00fadu) v pr\u00edpade, \u017ee bol na jedn\u00e9ho z man\u017eelov vyhl\u00e1sen\u00fd konkurz, alebo bol jeden z man\u017eelov ods\u00faden\u00fd za trestn\u00fd \u010din a bol mu ulo\u017een\u00fd trest prepadnutia majetku.Po z\u00e1niku BSM doch\u00e1dza k vyporiadaniu BSM, samotn\u00fdm z\u00e1nikom BSM sa toti\u017e BSM nevyporiada. Predpoklad\u00e1 sa \u017ee man\u017eelia sa vyporiadaj\u00fa predov\u0161etk\u00fdm dohodou. V pr\u00edpade, \u017ee je predmetom vyporiadania nehnute\u013enos\u0165 je potrebn\u00e1 p\u00edsomn\u00e1 forma a vklad do katastra nehnute\u013enost\u00ed.Ak sa man\u017eelia spolo\u010dne nedohodli o vyporiadan\u00ed BSM, ka\u017ed\u00fd z nich m\u00f4\u017ee da\u0165 n\u00e1vrh na s\u00fad aby vykonal vyporiadanie.V pr\u00edpade, \u017ee sa v lehote troch rokov od z\u00e1niku man\u017eelstva man\u017eelia nedohodn\u00fa na vyporiadan\u00ed BSM alebo v tejto lehote nevykon\u00e1 vyporiadanie s\u00fad nast\u00e1va vyporiadanie priamo zo z\u00e1kona. Pokia\u013e ide o hnute\u013en\u00e9 veci nadob\u00fada ich do v\u00fdlu\u010dn\u00e9ho vlastn\u00edctva ten z man\u017eelov, ktor\u00fd ich v\u00fdlu\u010dne u\u017e\u00edva, \u010do sa t\u00fdka hnute\u013en\u00fdch vec\u00ed, ktor\u00e9 neu\u017e\u00edva ani jeden z man\u017eelov v\u00fdlu\u010dne a v\u0161etk\u00fdch nehnute\u013enost\u00ed nadobudn\u00fa ich obaja man\u017eelia do podielov\u00e9ho spoluvlastn\u00edctva, ka\u017ed\u00fd v podiele \u00bd.<\/p>\n<p><em>Trnavsko \u010d. 35, Pr\u00e1vna porad\u0148a, 29.08.2008<\/em><\/p>\n","protected":false},"excerpt":{"rendered":"<p>D\u00e1 sa bezpodielov\u00e9 spoluvlastn\u00edctvo man\u017eelov po\u010das man\u017eelstva zru\u0161i\u0165 alebo upravi\u0165? Bezpodielov\u00e9 spoluvlastn\u00edctvo man\u017eelov (\u201eBSM\u201c) vznik\u00e1 uzavret\u00edm man\u017eelstva. Majetok ktor\u00fd nadobudli man\u017eelia pred uzavret\u00edm man\u017eelstva patr\u00ed do v\u00fdlu\u010dn\u00e9ho vlastn\u00edctva ka\u017ed\u00e9ho z man\u017eelov. Majetok, ktor\u00fd nadobudne ktor\u00fdko\u013evek z man\u017eelov po\u010das man\u017eelstva patr\u00ed do BSM. Z tejto z\u00e1sady existuje nieko\u013eko v\u00fdnimiek, je to darovanie jedn\u00e9mu z man\u017eelov, nadobudnutie [&hellip;]<\/p>\n","protected":false},"author":1,"featured_media":0,"parent":18,"menu_order":40,"comment_status":"closed","ping_status":"closed","template":"","meta":{"_monsterinsights_skip_tracking":false,"_monsterinsights_sitenote_active":false,"_monsterinsights_sitenote_note":"","_monsterinsights_sitenote_category":0,"footnotes":""},"class_list":["post-213","page","type-page","status-publish","czr-hentry"],"yoast_head":"<!-- This site is optimized with the Yoast SEO plugin v27.0 - https:\/\/yoast.com\/product\/yoast-seo-wordpress\/ -->\n<title>Spoluvlastn\u00edctvo 2 - \u041a\u043e\u043d\u0442\u043e\u0440\u0430 \u0434\u043e\u043a\u0442\u043e\u0440\u0430 \u044e\u0440\u0438\u0434\u0438\u0447\u0435\u0441\u043a\u0438\u0445 \u043d\u0430\u0443\u043a \u041c\u0438\u0440\u043e\u0441\u043b\u0430\u0432\u0430 \u041c\u0438\u0445\u0430\u043b\u0438\u0447\u043a\u0438<\/title>\n<meta name=\"robots\" content=\"index, follow, max-snippet:-1, max-image-preview:large, max-video-preview:-1\" \/>\n<link rel=\"canonical\" href=\"https:\/\/www.michalicka.sk\/ru\/advokatske-sluzby\/poradna-on-line\/spoluvlastnictvo-2\/\" \/>\n<meta property=\"og:locale\" content=\"ru_RU\" \/>\n<meta property=\"og:type\" content=\"article\" \/>\n<meta property=\"og:title\" content=\"Spoluvlastn\u00edctvo 2 - \u041a\u043e\u043d\u0442\u043e\u0440\u0430 \u0434\u043e\u043a\u0442\u043e\u0440\u0430 \u044e\u0440\u0438\u0434\u0438\u0447\u0435\u0441\u043a\u0438\u0445 \u043d\u0430\u0443\u043a \u041c\u0438\u0440\u043e\u0441\u043b\u0430\u0432\u0430 \u041c\u0438\u0445\u0430\u043b\u0438\u0447\u043a\u0438\" \/>\n<meta property=\"og:description\" content=\"D\u00e1 sa bezpodielov\u00e9 spoluvlastn\u00edctvo man\u017eelov po\u010das man\u017eelstva zru\u0161i\u0165 alebo upravi\u0165? Bezpodielov\u00e9 spoluvlastn\u00edctvo man\u017eelov (\u201eBSM\u201c) vznik\u00e1 uzavret\u00edm man\u017eelstva. Majetok ktor\u00fd nadobudli man\u017eelia pred uzavret\u00edm man\u017eelstva patr\u00ed do v\u00fdlu\u010dn\u00e9ho vlastn\u00edctva ka\u017ed\u00e9ho z man\u017eelov. Majetok, ktor\u00fd nadobudne ktor\u00fdko\u013evek z man\u017eelov po\u010das man\u017eelstva patr\u00ed do BSM. Z tejto z\u00e1sady existuje nieko\u013eko v\u00fdnimiek, je to darovanie jedn\u00e9mu z man\u017eelov, nadobudnutie [&hellip;]\" \/>\n<meta property=\"og:url\" content=\"https:\/\/www.michalicka.sk\/ru\/advokatske-sluzby\/poradna-on-line\/spoluvlastnictvo-2\/\" \/>\n<meta property=\"og:site_name\" content=\"\u041a\u043e\u043d\u0442\u043e\u0440\u0430 \u0434\u043e\u043a\u0442\u043e\u0440\u0430 \u044e\u0440\u0438\u0434\u0438\u0447\u0435\u0441\u043a\u0438\u0445 \u043d\u0430\u0443\u043a \u041c\u0438\u0440\u043e\u0441\u043b\u0430\u0432\u0430 \u041c\u0438\u0445\u0430\u043b\u0438\u0447\u043a\u0438\" \/>\n<meta property=\"article:modified_time\" content=\"2016-07-22T12:50:56+00:00\" \/>\n<meta name=\"twitter:card\" content=\"summary_large_image\" \/>\n<meta name=\"twitter:label1\" content=\"\u041f\u0440\u0438\u043c\u0435\u0440\u043d\u043e\u0435 \u0432\u0440\u0435\u043c\u044f \u0434\u043b\u044f \u0447\u0442\u0435\u043d\u0438\u044f\" \/>\n\t<meta name=\"twitter:data1\" content=\"3 \u043c\u0438\u043d\u0443\u0442\u044b\" \/>\n<script type=\"application\/ld+json\" class=\"yoast-schema-graph\">{\"@context\":\"https:\/\/schema.org\",\"@graph\":[{\"@type\":\"WebPage\",\"@id\":\"https:\/\/www.michalicka.sk\/ru\/advokatske-sluzby\/poradna-on-line\/spoluvlastnictvo-2\/\",\"url\":\"https:\/\/www.michalicka.sk\/ru\/advokatske-sluzby\/poradna-on-line\/spoluvlastnictvo-2\/\",\"name\":\"Spoluvlastn\u00edctvo 2 - \u041a\u043e\u043d\u0442\u043e\u0440\u0430 \u0434\u043e\u043a\u0442\u043e\u0440\u0430 \u044e\u0440\u0438\u0434\u0438\u0447\u0435\u0441\u043a\u0438\u0445 \u043d\u0430\u0443\u043a \u041c\u0438\u0440\u043e\u0441\u043b\u0430\u0432\u0430 \u041c\u0438\u0445\u0430\u043b\u0438\u0447\u043a\u0438\",\"isPartOf\":{\"@id\":\"https:\/\/www.michalicka.sk\/ru\/#website\"},\"datePublished\":\"2016-07-05T14:44:20+00:00\",\"dateModified\":\"2016-07-22T12:50:56+00:00\",\"breadcrumb\":{\"@id\":\"https:\/\/www.michalicka.sk\/ru\/advokatske-sluzby\/poradna-on-line\/spoluvlastnictvo-2\/#breadcrumb\"},\"inLanguage\":\"ru-RU\",\"potentialAction\":[{\"@type\":\"ReadAction\",\"target\":[[\"https:\/\/www.michalicka.sk\/ru\/advokatske-sluzby\/poradna-on-line\/spoluvlastnictvo-2\/\"]]}]},{\"@type\":\"BreadcrumbList\",\"@id\":\"https:\/\/www.michalicka.sk\/ru\/advokatske-sluzby\/poradna-on-line\/spoluvlastnictvo-2\/#breadcrumb\",\"itemListElement\":[{\"@type\":\"ListItem\",\"position\":1,\"name\":\"Domovsk\u00e1 str\u00e1nka\",\"item\":\"https:\/\/www.michalicka.sk\/ru\/\"},{\"@type\":\"ListItem\",\"position\":2,\"name\":\"Advok\u00e1tske slu\u017eby\",\"item\":\"https:\/\/www.michalicka.sk\/ru\/advokatske-sluzby\/\"},{\"@type\":\"ListItem\",\"position\":3,\"name\":\"Porad\u0148a on-line\",\"item\":\"https:\/\/www.michalicka.sk\/ru\/advokatske-sluzby\/poradna-on-line\/\"},{\"@type\":\"ListItem\",\"position\":4,\"name\":\"Spoluvlastn\u00edctvo 2\"}]},{\"@type\":\"WebSite\",\"@id\":\"https:\/\/www.michalicka.sk\/ru\/#website\",\"url\":\"https:\/\/www.michalicka.sk\/ru\/\",\"name\":\"\u041a\u043e\u043d\u0442\u043e\u0440\u0430 \u0434\u043e\u043a\u0442\u043e\u0440\u0430 \u044e\u0440\u0438\u0434\u0438\u0447\u0435\u0441\u043a\u0438\u0445 \u043d\u0430\u0443\u043a \u041c\u0438\u0440\u043e\u0441\u043b\u0430\u0432\u0430 \u041c\u0438\u0445\u0430\u043b\u0438\u0447\u043a\u0438\",\"description\":\"\u0410\u0434\u0432\u043e\u043a\u0430\u0442\u0443\u0440\u0430 \u0438 \u0430\u0440\u0431\u0438\u0442\u0440\u0430\u0436\u043d\u043e\u0435 \u0443\u043f\u0440\u0430\u0432\u043b\u0435\u043d\u0438\u0435\",\"potentialAction\":[{\"@type\":\"SearchAction\",\"target\":{\"@type\":\"EntryPoint\",\"urlTemplate\":\"https:\/\/www.michalicka.sk\/ru\/?s={search_term_string}\"},\"query-input\":{\"@type\":\"PropertyValueSpecification\",\"valueRequired\":true,\"valueName\":\"search_term_string\"}}],\"inLanguage\":\"ru-RU\"}]}<\/script>\n<!-- \/ Yoast SEO plugin. -->","yoast_head_json":{"title":"Spoluvlastn\u00edctvo 2 - \u041a\u043e\u043d\u0442\u043e\u0440\u0430 \u0434\u043e\u043a\u0442\u043e\u0440\u0430 \u044e\u0440\u0438\u0434\u0438\u0447\u0435\u0441\u043a\u0438\u0445 \u043d\u0430\u0443\u043a \u041c\u0438\u0440\u043e\u0441\u043b\u0430\u0432\u0430 \u041c\u0438\u0445\u0430\u043b\u0438\u0447\u043a\u0438","robots":{"index":"index","follow":"follow","max-snippet":"max-snippet:-1","max-image-preview":"max-image-preview:large","max-video-preview":"max-video-preview:-1"},"canonical":"https:\/\/www.michalicka.sk\/ru\/advokatske-sluzby\/poradna-on-line\/spoluvlastnictvo-2\/","og_locale":"ru_RU","og_type":"article","og_title":"Spoluvlastn\u00edctvo 2 - \u041a\u043e\u043d\u0442\u043e\u0440\u0430 \u0434\u043e\u043a\u0442\u043e\u0440\u0430 \u044e\u0440\u0438\u0434\u0438\u0447\u0435\u0441\u043a\u0438\u0445 \u043d\u0430\u0443\u043a \u041c\u0438\u0440\u043e\u0441\u043b\u0430\u0432\u0430 \u041c\u0438\u0445\u0430\u043b\u0438\u0447\u043a\u0438","og_description":"D\u00e1 sa bezpodielov\u00e9 spoluvlastn\u00edctvo man\u017eelov po\u010das man\u017eelstva zru\u0161i\u0165 alebo upravi\u0165? Bezpodielov\u00e9 spoluvlastn\u00edctvo man\u017eelov (\u201eBSM\u201c) vznik\u00e1 uzavret\u00edm man\u017eelstva. Majetok ktor\u00fd nadobudli man\u017eelia pred uzavret\u00edm man\u017eelstva patr\u00ed do v\u00fdlu\u010dn\u00e9ho vlastn\u00edctva ka\u017ed\u00e9ho z man\u017eelov. Majetok, ktor\u00fd nadobudne ktor\u00fdko\u013evek z man\u017eelov po\u010das man\u017eelstva patr\u00ed do BSM. Z tejto z\u00e1sady existuje nieko\u013eko v\u00fdnimiek, je to darovanie jedn\u00e9mu z man\u017eelov, nadobudnutie [&hellip;]","og_url":"https:\/\/www.michalicka.sk\/ru\/advokatske-sluzby\/poradna-on-line\/spoluvlastnictvo-2\/","og_site_name":"\u041a\u043e\u043d\u0442\u043e\u0440\u0430 \u0434\u043e\u043a\u0442\u043e\u0440\u0430 \u044e\u0440\u0438\u0434\u0438\u0447\u0435\u0441\u043a\u0438\u0445 \u043d\u0430\u0443\u043a \u041c\u0438\u0440\u043e\u0441\u043b\u0430\u0432\u0430 \u041c\u0438\u0445\u0430\u043b\u0438\u0447\u043a\u0438","article_modified_time":"2016-07-22T12:50:56+00:00","twitter_card":"summary_large_image","twitter_misc":{"\u041f\u0440\u0438\u043c\u0435\u0440\u043d\u043e\u0435 \u0432\u0440\u0435\u043c\u044f \u0434\u043b\u044f \u0447\u0442\u0435\u043d\u0438\u044f":"3 \u043c\u0438\u043d\u0443\u0442\u044b"},"schema":{"@context":"https:\/\/schema.org","@graph":[{"@type":"WebPage","@id":"https:\/\/www.michalicka.sk\/ru\/advokatske-sluzby\/poradna-on-line\/spoluvlastnictvo-2\/","url":"https:\/\/www.michalicka.sk\/ru\/advokatske-sluzby\/poradna-on-line\/spoluvlastnictvo-2\/","name":"Spoluvlastn\u00edctvo 2 - \u041a\u043e\u043d\u0442\u043e\u0440\u0430 \u0434\u043e\u043a\u0442\u043e\u0440\u0430 \u044e\u0440\u0438\u0434\u0438\u0447\u0435\u0441\u043a\u0438\u0445 \u043d\u0430\u0443\u043a \u041c\u0438\u0440\u043e\u0441\u043b\u0430\u0432\u0430 \u041c\u0438\u0445\u0430\u043b\u0438\u0447\u043a\u0438","isPartOf":{"@id":"https:\/\/www.michalicka.sk\/ru\/#website"},"datePublished":"2016-07-05T14:44:20+00:00","dateModified":"2016-07-22T12:50:56+00:00","breadcrumb":{"@id":"https:\/\/www.michalicka.sk\/ru\/advokatske-sluzby\/poradna-on-line\/spoluvlastnictvo-2\/#breadcrumb"},"inLanguage":"ru-RU","potentialAction":[{"@type":"ReadAction","target":[["https:\/\/www.michalicka.sk\/ru\/advokatske-sluzby\/poradna-on-line\/spoluvlastnictvo-2\/"]]}]},{"@type":"BreadcrumbList","@id":"https:\/\/www.michalicka.sk\/ru\/advokatske-sluzby\/poradna-on-line\/spoluvlastnictvo-2\/#breadcrumb","itemListElement":[{"@type":"ListItem","position":1,"name":"Domovsk\u00e1 str\u00e1nka","item":"https:\/\/www.michalicka.sk\/ru\/"},{"@type":"ListItem","position":2,"name":"Advok\u00e1tske slu\u017eby","item":"https:\/\/www.michalicka.sk\/ru\/advokatske-sluzby\/"},{"@type":"ListItem","position":3,"name":"Porad\u0148a on-line","item":"https:\/\/www.michalicka.sk\/ru\/advokatske-sluzby\/poradna-on-line\/"},{"@type":"ListItem","position":4,"name":"Spoluvlastn\u00edctvo 2"}]},{"@type":"WebSite","@id":"https:\/\/www.michalicka.sk\/ru\/#website","url":"https:\/\/www.michalicka.sk\/ru\/","name":"\u041a\u043e\u043d\u0442\u043e\u0440\u0430 \u0434\u043e\u043a\u0442\u043e\u0440\u0430 \u044e\u0440\u0438\u0434\u0438\u0447\u0435\u0441\u043a\u0438\u0445 \u043d\u0430\u0443\u043a \u041c\u0438\u0440\u043e\u0441\u043b\u0430\u0432\u0430 \u041c\u0438\u0445\u0430\u043b\u0438\u0447\u043a\u0438","description":"\u0410\u0434\u0432\u043e\u043a\u0430\u0442\u0443\u0440\u0430 \u0438 \u0430\u0440\u0431\u0438\u0442\u0440\u0430\u0436\u043d\u043e\u0435 \u0443\u043f\u0440\u0430\u0432\u043b\u0435\u043d\u0438\u0435","potentialAction":[{"@type":"SearchAction","target":{"@type":"EntryPoint","urlTemplate":"https:\/\/www.michalicka.sk\/ru\/?s={search_term_string}"},"query-input":{"@type":"PropertyValueSpecification","valueRequired":true,"valueName":"search_term_string"}}],"inLanguage":"ru-RU"}]}},"_links":{"self":[{"href":"https:\/\/www.michalicka.sk\/ru\/wp-json\/wp\/v2\/pages\/213","targetHints":{"allow":["GET"]}}],"collection":[{"href":"https:\/\/www.michalicka.sk\/ru\/wp-json\/wp\/v2\/pages"}],"about":[{"href":"https:\/\/www.michalicka.sk\/ru\/wp-json\/wp\/v2\/types\/page"}],"author":[{"embeddable":true,"href":"https:\/\/www.michalicka.sk\/ru\/wp-json\/wp\/v2\/users\/1"}],"replies":[{"embeddable":true,"href":"https:\/\/www.michalicka.sk\/ru\/wp-json\/wp\/v2\/comments?post=213"}],"version-history":[{"count":2,"href":"https:\/\/www.michalicka.sk\/ru\/wp-json\/wp\/v2\/pages\/213\/revisions"}],"predecessor-version":[{"id":261,"href":"https:\/\/www.michalicka.sk\/ru\/wp-json\/wp\/v2\/pages\/213\/revisions\/261"}],"up":[{"embeddable":true,"href":"https:\/\/www.michalicka.sk\/ru\/wp-json\/wp\/v2\/pages\/18"}],"wp:attachment":[{"href":"https:\/\/www.michalicka.sk\/ru\/wp-json\/wp\/v2\/media?parent=213"}],"curies":[{"name":"wp","href":"https:\/\/api.w.org\/{rel}","templated":true}]}}