{"id":6,"date":"2016-05-24T12:45:37","date_gmt":"2016-05-24T12:45:37","guid":{"rendered":"http:\/\/michalicka.sk\/?page_id=6"},"modified":"2017-10-23T07:59:51","modified_gmt":"2017-10-23T07:59:51","slug":"advokatska-kancelaria","status":"publish","type":"page","link":"https:\/\/www.michalicka.sk\/en\/","title":{"rendered":"Main"},"content":{"rendered":"<p>As an advocate JUDr. Miroslav Michali\u010dka provides legal services and represents the interests of the clients before courts.  As a trustee leads bankruptcy\u2019s cases of legal entities, private bankruptcy and recruiting.<\/p>\n<div><a href=\"advokatske-sluzby\/\" target=\"_self\"><img loading=\"lazy\" decoding=\"async\" class=\"alignnone size-full wp-image-88\" src=\"http:\/\/michalicka.sk\/wp-content\/uploads\/2016\/07\/vahy-2.png\" alt=\"LAW &#038; TRUSTEE OFFICE - Legal Services\" width=\"128\" height=\"105\" \/><\/p>\n<p>Legal<br \/>Services<\/p>\n<p><\/a><\/div>\n<div class=\"pravo\"><a href=\"spravcovska-cinnost\/\" target=\"_self\"><img loading=\"lazy\" decoding=\"async\" class=\"alignnone size-full wp-image-87\" src=\"http:\/\/michalicka.sk\/wp-content\/uploads\/2016\/07\/buda2.png\" alt=\"LAW &#038; TRUSTEE OFFICE - Trustee Activities\" width=\"128\" height=\"105\" \/><\/p>\n<p>Trustee<br \/>Activities<\/p>\n<p><\/a><\/div>\n<p>Using our long practical experience in trustee activities as well as in legal counseling, we also assist in crises managements of various legal entities.<br \/>\nLaw office uses the knowledge and skills of the advocate, possibilities fixed by legal order and legal argument to advantage its client.<br \/>\nLaw    office   delivers   the services mostly in the city Trnava and in Trnava region, and also in the capital of Slovakia Bratislava, and Bratislava region.<br \/>\nThe   best   wage   for   a   prestigious   law   office   are positive references and propagation of a good name.  The services are oriented to a quality, large availability and satisfaction of the clients.<br \/>\nThe aim of our office is to create a confidential relation with each client.<\/p>\n<p>&nbsp;<\/p>\n<p style=\"text-align: right;font-style: italic;\">We will offer you what the others will just promise, but we will not promise you what we cannot perform.<\/p>\n<p><\/p>","protected":false},"excerpt":{"rendered":"<p>As an advocate JUDr. Miroslav Michali\u010dka provides legal services and represents the interests of the clients before courts. As a trustee leads bankruptcy\u2019s cases of legal entities, private bankruptcy and recruiting. LegalServices TrusteeActivities Using our long practical experience in trustee activities as well as in legal counseling, we also assist in crises managements of various [&hellip;]<\/p>\n","protected":false},"author":1,"featured_media":0,"parent":0,"menu_order":0,"comment_status":"closed","ping_status":"closed","template":"custom-welcome.php","meta":{"_monsterinsights_skip_tracking":false,"_monsterinsights_sitenote_active":false,"_monsterinsights_sitenote_note":"","_monsterinsights_sitenote_category":0,"footnotes":""},"class_list":["post-6","page","type-page","status-publish","czr-hentry"],"yoast_head":"<!-- This site is optimized with the Yoast SEO plugin v27.0 - https:\/\/yoast.com\/product\/yoast-seo-wordpress\/ -->\n<title>Main - JUDr. Miroslav Michali\u010dka<\/title>\n<meta name=\"description\" content=\"Advok\u00e1tska kancel\u00e1ria JUDr. Miroslav Michali\u010dka - pr\u00e1vne slu\u017eby a poradenstvo. V\u00fdborn\u00e9 referencie od klientov. Obchodn\u00e9, ob\u010dianske, trestn\u00e9 aj rodinn\u00e9 pr\u00e1vo\" \/>\n<meta name=\"robots\" content=\"index, follow, max-snippet:-1, max-image-preview:large, max-video-preview:-1\" \/>\n<link rel=\"canonical\" href=\"https:\/\/www.michalicka.sk\/en\/\" \/>\n<meta property=\"og:locale\" content=\"en_US\" \/>\n<meta property=\"og:type\" content=\"article\" \/>\n<meta property=\"og:title\" content=\"Main - JUDr. Miroslav Michali\u010dka\" \/>\n<meta property=\"og:description\" content=\"Advok\u00e1tska kancel\u00e1ria JUDr. Miroslav Michali\u010dka - pr\u00e1vne slu\u017eby a poradenstvo. V\u00fdborn\u00e9 referencie od klientov. Obchodn\u00e9, ob\u010dianske, trestn\u00e9 aj rodinn\u00e9 pr\u00e1vo\" \/>\n<meta property=\"og:url\" content=\"https:\/\/www.michalicka.sk\/en\/\" \/>\n<meta property=\"og:site_name\" content=\"JUDr. Miroslav Michali\u010dka\" \/>\n<meta property=\"article:modified_time\" content=\"2017-10-23T07:59:51+00:00\" \/>\n<meta name=\"twitter:card\" content=\"summary_large_image\" \/>\n<meta name=\"twitter:label1\" content=\"Est. reading time\" \/>\n\t<meta name=\"twitter:data1\" content=\"2 minutes\" \/>\n<script type=\"application\/ld+json\" class=\"yoast-schema-graph\">{\"@context\":\"https:\/\/schema.org\",\"@graph\":[{\"@type\":\"WebPage\",\"@id\":\"https:\/\/www.michalicka.sk\/en\/\",\"url\":\"https:\/\/www.michalicka.sk\/en\/\",\"name\":\"Main - JUDr. Miroslav Michali\u010dka\",\"isPartOf\":{\"@id\":\"https:\/\/www.michalicka.sk\/en\/#website\"},\"primaryImageOfPage\":{\"@id\":\"https:\/\/www.michalicka.sk\/en\/#primaryimage\"},\"image\":{\"@id\":\"https:\/\/www.michalicka.sk\/#primaryimage\"},\"thumbnailUrl\":\"http:\/\/michalicka.sk\/wp-content\/uploads\/2016\/07\/vahy-2.png\",\"datePublished\":\"2016-05-24T12:45:37+00:00\",\"dateModified\":\"2017-10-23T07:59:51+00:00\",\"description\":\"Advok\u00e1tska kancel\u00e1ria JUDr. Miroslav Michali\u010dka - pr\u00e1vne slu\u017eby a poradenstvo. V\u00fdborn\u00e9 referencie od klientov. Obchodn\u00e9, ob\u010dianske, trestn\u00e9 aj rodinn\u00e9 pr\u00e1vo\",\"breadcrumb\":{\"@id\":\"https:\/\/www.michalicka.sk\/en\/#breadcrumb\"},\"inLanguage\":\"en-US\",\"potentialAction\":[{\"@type\":\"ReadAction\",\"target\":[[\"https:\/\/www.michalicka.sk\/en\/\"]]}]},{\"@type\":\"ImageObject\",\"inLanguage\":\"en-US\",\"@id\":\"https:\/\/www.michalicka.sk\/en\/#primaryimage\",\"url\":\"http:\/\/michalicka.sk\/wp-content\/uploads\/2016\/07\/vahy-2.png\",\"contentUrl\":\"http:\/\/michalicka.sk\/wp-content\/uploads\/2016\/07\/vahy-2.png\"},{\"@type\":\"BreadcrumbList\",\"@id\":\"https:\/\/www.michalicka.sk\/en\/#breadcrumb\",\"itemListElement\":[{\"@type\":\"ListItem\",\"position\":1,\"name\":\"Domovsk\u00e1 str\u00e1nka\",\"item\":\"https:\/\/www.michalicka.sk\/en\/\"},{\"@type\":\"ListItem\",\"position\":2,\"name\":\"\u00davod\"}]},{\"@type\":\"WebSite\",\"@id\":\"https:\/\/www.michalicka.sk\/en\/#website\",\"url\":\"https:\/\/www.michalicka.sk\/en\/\",\"name\":\"JUDr. Miroslav Michali\u010dka\",\"description\":\"LAW &amp; TRUSTEE OFFICE\",\"potentialAction\":[{\"@type\":\"SearchAction\",\"target\":{\"@type\":\"EntryPoint\",\"urlTemplate\":\"https:\/\/www.michalicka.sk\/en\/?s={search_term_string}\"},\"query-input\":{\"@type\":\"PropertyValueSpecification\",\"valueRequired\":true,\"valueName\":\"search_term_string\"}}],\"inLanguage\":\"en-US\"}]}<\/script>\n<!-- \/ Yoast SEO plugin. -->","yoast_head_json":{"title":"Main - JUDr. Miroslav Michali\u010dka","description":"Advok\u00e1tska kancel\u00e1ria JUDr. Miroslav Michali\u010dka - pr\u00e1vne slu\u017eby a poradenstvo. V\u00fdborn\u00e9 referencie od klientov. Obchodn\u00e9, ob\u010dianske, trestn\u00e9 aj rodinn\u00e9 pr\u00e1vo","robots":{"index":"index","follow":"follow","max-snippet":"max-snippet:-1","max-image-preview":"max-image-preview:large","max-video-preview":"max-video-preview:-1"},"canonical":"https:\/\/www.michalicka.sk\/en\/","og_locale":"en_US","og_type":"article","og_title":"Main - JUDr. Miroslav Michali\u010dka","og_description":"Advok\u00e1tska kancel\u00e1ria JUDr. Miroslav Michali\u010dka - pr\u00e1vne slu\u017eby a poradenstvo. V\u00fdborn\u00e9 referencie od klientov. Obchodn\u00e9, ob\u010dianske, trestn\u00e9 aj rodinn\u00e9 pr\u00e1vo","og_url":"https:\/\/www.michalicka.sk\/en\/","og_site_name":"JUDr. Miroslav Michali\u010dka","article_modified_time":"2017-10-23T07:59:51+00:00","twitter_card":"summary_large_image","twitter_misc":{"Est. reading time":"2 minutes"},"schema":{"@context":"https:\/\/schema.org","@graph":[{"@type":"WebPage","@id":"https:\/\/www.michalicka.sk\/en\/","url":"https:\/\/www.michalicka.sk\/en\/","name":"Main - JUDr. Miroslav Michali\u010dka","isPartOf":{"@id":"https:\/\/www.michalicka.sk\/en\/#website"},"primaryImageOfPage":{"@id":"https:\/\/www.michalicka.sk\/en\/#primaryimage"},"image":{"@id":"https:\/\/www.michalicka.sk\/#primaryimage"},"thumbnailUrl":"http:\/\/michalicka.sk\/wp-content\/uploads\/2016\/07\/vahy-2.png","datePublished":"2016-05-24T12:45:37+00:00","dateModified":"2017-10-23T07:59:51+00:00","description":"Advok\u00e1tska kancel\u00e1ria JUDr. Miroslav Michali\u010dka - pr\u00e1vne slu\u017eby a poradenstvo. V\u00fdborn\u00e9 referencie od klientov. Obchodn\u00e9, ob\u010dianske, trestn\u00e9 aj rodinn\u00e9 pr\u00e1vo","breadcrumb":{"@id":"https:\/\/www.michalicka.sk\/en\/#breadcrumb"},"inLanguage":"en-US","potentialAction":[{"@type":"ReadAction","target":[["https:\/\/www.michalicka.sk\/en\/"]]}]},{"@type":"ImageObject","inLanguage":"en-US","@id":"https:\/\/www.michalicka.sk\/en\/#primaryimage","url":"http:\/\/michalicka.sk\/wp-content\/uploads\/2016\/07\/vahy-2.png","contentUrl":"http:\/\/michalicka.sk\/wp-content\/uploads\/2016\/07\/vahy-2.png"},{"@type":"BreadcrumbList","@id":"https:\/\/www.michalicka.sk\/en\/#breadcrumb","itemListElement":[{"@type":"ListItem","position":1,"name":"Domovsk\u00e1 str\u00e1nka","item":"https:\/\/www.michalicka.sk\/en\/"},{"@type":"ListItem","position":2,"name":"\u00davod"}]},{"@type":"WebSite","@id":"https:\/\/www.michalicka.sk\/en\/#website","url":"https:\/\/www.michalicka.sk\/en\/","name":"JUDr. Miroslav Michali\u010dka","description":"LAW &amp; TRUSTEE OFFICE","potentialAction":[{"@type":"SearchAction","target":{"@type":"EntryPoint","urlTemplate":"https:\/\/www.michalicka.sk\/en\/?s={search_term_string}"},"query-input":{"@type":"PropertyValueSpecification","valueRequired":true,"valueName":"search_term_string"}}],"inLanguage":"en-US"}]}},"_links":{"self":[{"href":"https:\/\/www.michalicka.sk\/en\/wp-json\/wp\/v2\/pages\/6","targetHints":{"allow":["GET"]}}],"collection":[{"href":"https:\/\/www.michalicka.sk\/en\/wp-json\/wp\/v2\/pages"}],"about":[{"href":"https:\/\/www.michalicka.sk\/en\/wp-json\/wp\/v2\/types\/page"}],"author":[{"embeddable":true,"href":"https:\/\/www.michalicka.sk\/en\/wp-json\/wp\/v2\/users\/1"}],"replies":[{"embeddable":true,"href":"https:\/\/www.michalicka.sk\/en\/wp-json\/wp\/v2\/comments?post=6"}],"version-history":[{"count":85,"href":"https:\/\/www.michalicka.sk\/en\/wp-json\/wp\/v2\/pages\/6\/revisions"}],"predecessor-version":[{"id":539,"href":"https:\/\/www.michalicka.sk\/en\/wp-json\/wp\/v2\/pages\/6\/revisions\/539"}],"wp:attachment":[{"href":"https:\/\/www.michalicka.sk\/en\/wp-json\/wp\/v2\/media?parent=6"}],"curies":[{"name":"wp","href":"https:\/\/api.w.org\/{rel}","templated":true}]}}