{"id":20,"date":"2016-05-24T12:48:05","date_gmt":"2016-05-24T12:48:05","guid":{"rendered":"http:\/\/michalicka.sk\/?page_id=20"},"modified":"2017-10-19T14:32:41","modified_gmt":"2017-10-19T14:32:41","slug":"restrukturalizacie","status":"publish","type":"page","link":"https:\/\/www.michalicka.sk\/en\/spravcovska-cinnost\/restrukturalizacie\/","title":{"rendered":"Restructuring"},"content":{"rendered":"<p><\/p>\n<p style=\"text-align: justify;\">The main idea of restructuring of legal entities is achievement of a compromise of the creditor and debtor and the choice of methods of restructuring or their combination.<\/p>\n<p style=\"text-align: justify;\"><strong>Briefly about restructuring<\/strong><\/p>\n<ol>\n<li style=\"text-align: justify;\"><strong>Petition for introduction of the plan of financial improvement<\/strong><br \/>\nAt the time of the entry of legal entity in an insolvency stage the law allows to address with the petition the trustee for scheduling and synthesis of data for the introduction in restructuring.<\/li>\n<p>The plan of financial improvement represents the analysis of a relevant situation of the legal entity and efficiency of the introduction in restructuring. The trustee \u00a0will submit for approval of the plan to subordinated court the specified petition.<\/p>\n<p>The debtor will apply to the petition:<\/p>\n<ul>\n<li>Plan of financial improvement<\/li>\n<li>Data on property of the debtor<\/li>\n<li>Data on ensuring execution by the debtor of obligations<\/li>\n<li>Accounting report or other documentation<\/li>\n<\/ul>\n<p>The debtor undertakes to fulfill the debt obligations approved by the plan, and creditors are given the chance to demand from the debtor of execution of debt obligations only according to the plan.<\/p>\n<li style=\"text-align: justify;\"><strong>Protection of the debtor<\/strong><br \/>\nFrom the moment of the beginning of judicial proceedings the law establishes for the debtor protection of his interests which is shown that office-work in everything to the current disputes of the debtor stops.<\/li>\n<p>The court confirms with the judgment the plan of financial improvement which it comes into force.<\/p>\n<li style=\"text-align: justify;\"><strong>Plan of restructuring<\/strong><br \/>\nThe debtor who has submitted the petition for introduction of financial improvement independently will prepare the plan which will offer on a statement to creditors. The creditor who has submitted the petition for introduction of financial improvement will prepare the plan of restructuring which will coordinate further with the receiver. The plan represents two parts:<\/li>\n<p>The first part \u2013 descriptive (the analysis, restructuring methods, change of debt obligations, information on property of the debtor, the translation of the property right of the debtor, change of a legal form, the property relations, ways of acquisition of property etc.)<\/p>\n<p>The second part of the plan \u2013 an obligations part (a compromise between creditors and the debtor regarding their rights and duties).<\/p>\n<li style=\"text-align: justify;\"><strong>Completion of restructuring<\/strong><br \/>\nEnd of the plan of restructuring can take place as follows: the debtor undertakes to fulfill the obligations approved by the plan, and creditors are given the chance to be required performance of obligations of the debtor only according to the plan of restructuring.<\/li>\n<p>In addition in respect of restructuring there can be regulations on control of the debtor by the receiver not only during restructuring, but also after it.\n<\/ol>\n<p><\/p>","protected":false},"excerpt":{"rendered":"<p>The main idea of restructuring of legal entities is achievement of a compromise of the creditor and debtor and the choice of methods of restructuring or their combination. Briefly about restructuring Petition for introduction of the plan of financial improvement At the time of the entry of legal entity in an insolvency stage the law [&hellip;]<\/p>\n","protected":false},"author":1,"featured_media":0,"parent":10,"menu_order":10,"comment_status":"closed","ping_status":"closed","template":"","meta":{"_monsterinsights_skip_tracking":false,"_monsterinsights_sitenote_active":false,"_monsterinsights_sitenote_note":"","_monsterinsights_sitenote_category":0,"footnotes":""},"class_list":["post-20","page","type-page","status-publish","czr-hentry"],"yoast_head":"<!-- This site is optimized with the Yoast SEO plugin v27.0 - https:\/\/yoast.com\/product\/yoast-seo-wordpress\/ -->\n<title>Restructuring - JUDr. Miroslav Michali\u010dka<\/title>\n<meta name=\"robots\" content=\"index, follow, max-snippet:-1, max-image-preview:large, max-video-preview:-1\" \/>\n<link rel=\"canonical\" href=\"https:\/\/www.michalicka.sk\/en\/spravcovska-cinnost\/restrukturalizacie\/\" \/>\n<meta property=\"og:locale\" content=\"en_US\" \/>\n<meta property=\"og:type\" content=\"article\" \/>\n<meta property=\"og:title\" content=\"Restructuring - JUDr. Miroslav Michali\u010dka\" \/>\n<meta property=\"og:description\" content=\"The main idea of restructuring of legal entities is achievement of a compromise of the creditor and debtor and the choice of methods of restructuring or their combination. Briefly about restructuring Petition for introduction of the plan of financial improvement At the time of the entry of legal entity in an insolvency stage the law [&hellip;]\" \/>\n<meta property=\"og:url\" content=\"https:\/\/www.michalicka.sk\/en\/spravcovska-cinnost\/restrukturalizacie\/\" \/>\n<meta property=\"og:site_name\" content=\"JUDr. Miroslav Michali\u010dka\" \/>\n<meta property=\"article:modified_time\" content=\"2017-10-19T14:32:41+00:00\" \/>\n<meta name=\"twitter:card\" content=\"summary_large_image\" \/>\n<meta name=\"twitter:label1\" content=\"Est. reading time\" \/>\n\t<meta name=\"twitter:data1\" content=\"7 minutes\" \/>\n<script type=\"application\/ld+json\" class=\"yoast-schema-graph\">{\"@context\":\"https:\/\/schema.org\",\"@graph\":[{\"@type\":\"WebPage\",\"@id\":\"https:\/\/www.michalicka.sk\/en\/spravcovska-cinnost\/restrukturalizacie\/\",\"url\":\"https:\/\/www.michalicka.sk\/en\/spravcovska-cinnost\/restrukturalizacie\/\",\"name\":\"Restructuring - JUDr. Miroslav Michali\u010dka\",\"isPartOf\":{\"@id\":\"https:\/\/www.michalicka.sk\/en\/#website\"},\"datePublished\":\"2016-05-24T12:48:05+00:00\",\"dateModified\":\"2017-10-19T14:32:41+00:00\",\"breadcrumb\":{\"@id\":\"https:\/\/www.michalicka.sk\/en\/spravcovska-cinnost\/restrukturalizacie\/#breadcrumb\"},\"inLanguage\":\"en-US\",\"potentialAction\":[{\"@type\":\"ReadAction\",\"target\":[[\"https:\/\/www.michalicka.sk\/en\/spravcovska-cinnost\/restrukturalizacie\/\"]]}]},{\"@type\":\"BreadcrumbList\",\"@id\":\"https:\/\/www.michalicka.sk\/en\/spravcovska-cinnost\/restrukturalizacie\/#breadcrumb\",\"itemListElement\":[{\"@type\":\"ListItem\",\"position\":1,\"name\":\"Domovsk\u00e1 str\u00e1nka\",\"item\":\"https:\/\/www.michalicka.sk\/en\/\"},{\"@type\":\"ListItem\",\"position\":2,\"name\":\"Spr\u00e1vcovsk\u00e1 \u010dinnos\u0165\",\"item\":\"https:\/\/www.michalicka.sk\/en\/spravcovska-cinnost\/\"},{\"@type\":\"ListItem\",\"position\":3,\"name\":\"Re\u0161trukturaliz\u00e1cia\"}]},{\"@type\":\"WebSite\",\"@id\":\"https:\/\/www.michalicka.sk\/en\/#website\",\"url\":\"https:\/\/www.michalicka.sk\/en\/\",\"name\":\"JUDr. Miroslav Michali\u010dka\",\"description\":\"LAW &amp; TRUSTEE OFFICE\",\"potentialAction\":[{\"@type\":\"SearchAction\",\"target\":{\"@type\":\"EntryPoint\",\"urlTemplate\":\"https:\/\/www.michalicka.sk\/en\/?s={search_term_string}\"},\"query-input\":{\"@type\":\"PropertyValueSpecification\",\"valueRequired\":true,\"valueName\":\"search_term_string\"}}],\"inLanguage\":\"en-US\"}]}<\/script>\n<!-- \/ Yoast SEO plugin. -->","yoast_head_json":{"title":"Restructuring - JUDr. Miroslav Michali\u010dka","robots":{"index":"index","follow":"follow","max-snippet":"max-snippet:-1","max-image-preview":"max-image-preview:large","max-video-preview":"max-video-preview:-1"},"canonical":"https:\/\/www.michalicka.sk\/en\/spravcovska-cinnost\/restrukturalizacie\/","og_locale":"en_US","og_type":"article","og_title":"Restructuring - JUDr. Miroslav Michali\u010dka","og_description":"The main idea of restructuring of legal entities is achievement of a compromise of the creditor and debtor and the choice of methods of restructuring or their combination. Briefly about restructuring Petition for introduction of the plan of financial improvement At the time of the entry of legal entity in an insolvency stage the law [&hellip;]","og_url":"https:\/\/www.michalicka.sk\/en\/spravcovska-cinnost\/restrukturalizacie\/","og_site_name":"JUDr. Miroslav Michali\u010dka","article_modified_time":"2017-10-19T14:32:41+00:00","twitter_card":"summary_large_image","twitter_misc":{"Est. reading time":"7 minutes"},"schema":{"@context":"https:\/\/schema.org","@graph":[{"@type":"WebPage","@id":"https:\/\/www.michalicka.sk\/en\/spravcovska-cinnost\/restrukturalizacie\/","url":"https:\/\/www.michalicka.sk\/en\/spravcovska-cinnost\/restrukturalizacie\/","name":"Restructuring - JUDr. Miroslav Michali\u010dka","isPartOf":{"@id":"https:\/\/www.michalicka.sk\/en\/#website"},"datePublished":"2016-05-24T12:48:05+00:00","dateModified":"2017-10-19T14:32:41+00:00","breadcrumb":{"@id":"https:\/\/www.michalicka.sk\/en\/spravcovska-cinnost\/restrukturalizacie\/#breadcrumb"},"inLanguage":"en-US","potentialAction":[{"@type":"ReadAction","target":[["https:\/\/www.michalicka.sk\/en\/spravcovska-cinnost\/restrukturalizacie\/"]]}]},{"@type":"BreadcrumbList","@id":"https:\/\/www.michalicka.sk\/en\/spravcovska-cinnost\/restrukturalizacie\/#breadcrumb","itemListElement":[{"@type":"ListItem","position":1,"name":"Domovsk\u00e1 str\u00e1nka","item":"https:\/\/www.michalicka.sk\/en\/"},{"@type":"ListItem","position":2,"name":"Spr\u00e1vcovsk\u00e1 \u010dinnos\u0165","item":"https:\/\/www.michalicka.sk\/en\/spravcovska-cinnost\/"},{"@type":"ListItem","position":3,"name":"Re\u0161trukturaliz\u00e1cia"}]},{"@type":"WebSite","@id":"https:\/\/www.michalicka.sk\/en\/#website","url":"https:\/\/www.michalicka.sk\/en\/","name":"JUDr. Miroslav Michali\u010dka","description":"LAW &amp; TRUSTEE OFFICE","potentialAction":[{"@type":"SearchAction","target":{"@type":"EntryPoint","urlTemplate":"https:\/\/www.michalicka.sk\/en\/?s={search_term_string}"},"query-input":{"@type":"PropertyValueSpecification","valueRequired":true,"valueName":"search_term_string"}}],"inLanguage":"en-US"}]}},"_links":{"self":[{"href":"https:\/\/www.michalicka.sk\/en\/wp-json\/wp\/v2\/pages\/20","targetHints":{"allow":["GET"]}}],"collection":[{"href":"https:\/\/www.michalicka.sk\/en\/wp-json\/wp\/v2\/pages"}],"about":[{"href":"https:\/\/www.michalicka.sk\/en\/wp-json\/wp\/v2\/types\/page"}],"author":[{"embeddable":true,"href":"https:\/\/www.michalicka.sk\/en\/wp-json\/wp\/v2\/users\/1"}],"replies":[{"embeddable":true,"href":"https:\/\/www.michalicka.sk\/en\/wp-json\/wp\/v2\/comments?post=20"}],"version-history":[{"count":20,"href":"https:\/\/www.michalicka.sk\/en\/wp-json\/wp\/v2\/pages\/20\/revisions"}],"predecessor-version":[{"id":521,"href":"https:\/\/www.michalicka.sk\/en\/wp-json\/wp\/v2\/pages\/20\/revisions\/521"}],"up":[{"embeddable":true,"href":"https:\/\/www.michalicka.sk\/en\/wp-json\/wp\/v2\/pages\/10"}],"wp:attachment":[{"href":"https:\/\/www.michalicka.sk\/en\/wp-json\/wp\/v2\/media?parent=20"}],"curies":[{"name":"wp","href":"https:\/\/api.w.org\/{rel}","templated":true}]}}